{"id":143,"date":"2023-12-10T02:57:11","date_gmt":"2023-12-10T02:57:11","guid":{"rendered":"https:\/\/xn--sportsfisker-storstrm-9fc.dk\/?page_id=143"},"modified":"2024-01-02T08:58:24","modified_gmt":"2024-01-02T08:58:24","slug":"bestyrelsen-2","status":"publish","type":"page","link":"https:\/\/xn--sportsfisker-storstrm-9fc.dk\/?page_id=143","title":{"rendered":"Foreningens historie"},"content":{"rendered":"<div class=\"imageAndTextNoFloatHeader\"><strong><span style=\"font-size: 14px;\"><span style=\"font-size: 24px;\">Klublokalet<\/span><\/span><\/strong><\/div>\n<div class=\"imageAndTextNoFloatBodyText\">\n<p><strong><span style=\"font-size: 14px;\"><span style=\"font-size: 24px;\"><img loading=\"lazy\" decoding=\"async\" class=\"wp-image-271 alignright\" src=\"https:\/\/xn--sportsfisker-storstrm-9fc.dk\/wp-content\/uploads\/2023\/12\/Klubhus-300x185.png\" alt=\"\" width=\"254\" height=\"161\" \/><\/span><\/span>Sportsfiskerforeningen Storstr\u00f8mmen\u00a0 \u00a0 \u00a0 \u00a0 \u00a0 \u00a0 \u00a0 \u00a0 \u00a0 \u00a0 \u00a0 \u00a0 \u00a0 \u00a0 \u00a0 \u00a0 \u00a0 \u00a0 \u00a0 \u00a0 \u00a0 \u00a0 \u00a0 \u00a0 \u00a0 \u00a0 \u00a0 \u00a0 \u00a0 \u00a0 \u00a0 \u00a0 <\/strong>Foreningen har i 2021 f\u00e5et nyt klubhus.<br \/>\nAdressen er fortvej 8 Masned\u00f8.\u00a0 4760 Vordingborg.<\/p>\n<\/div>\n<p>&nbsp;<\/p>\n<p><strong>Sportsfiskerforeningen Storstr\u00f8mmen<\/strong>\u00a0 er oprettet p\u00e5 en stiftende generalforsamling i 1950 og var en sammenslutning af flere andre lokale fiskeklubber.\u00a0 \u00a0 \u00a0 \u00a0 \u00a0 \u00a0 \u00a0 \u00a0 \u00a0 \u00a0 \u00a0 \u00a0 \u00a0 \u00a0 \u00a0 \u00a0 \u00a0 \u00a0 \u00a0 \u00a0 \u00a0 \u00a0 \u00a0 \u00a0 \u00a0 \u00a0 \u00a0 \u00a0 \u00a0 \u00a0 \u00a0 \u00a0 \u00a0 \u00a0 \u00a0 \u00a0 \u00a0 \u00a0 \u00a0 \u00a0 \u00a0 \u00a0 \u00a0 \u00a0 Foreningen form\u00e5l dengang var: &#8220;At fremme interessen for lystfiskeriet&#8221; og det er stadig vores fornemmeste form\u00e5l.<\/p>\n<p><strong>Foreningens Logo\u00a0 \u00a0 \u00a0 \u00a0 \u00a0 \u00a0 \u00a0 \u00a0 \u00a0 \u00a0 \u00a0 \u00a0 \u00a0 \u00a0 \u00a0 \u00a0 \u00a0 \u00a0 \u00a0 \u00a0 \u00a0 \u00a0 \u00a0 \u00a0 \u00a0 \u00a0 \u00a0 \u00a0 \u00a0 \u00a0 \u00a0 \u00a0 \u00a0 \u00a0 \u00a0 \u00a0 \u00a0 \u00a0 \u00a0 \u00a0 \u00a0 \u00a0 \u00a0 \u00a0 \u00a0 \u00a0 \u00a0 \u00a0 \u00a0 \u00a0 <\/strong>If\u00f8lge Find Andersen, som var medlem af bestyrelsen for mange \u00e5r siden, er\u00a0Sportsfiskerforeningen<strong>\u00a0<\/strong>\u201dStorstr\u00f8mmens\u201d<strong>\u00a0<\/strong>logo\u00a0tegnet af J\u00f8rgen Juul J\u00f8rgensen, Dalby.<\/p>\n<div id=\"attachment_103\" style=\"width: 274px\" class=\"wp-caption alignnone\"><img loading=\"lazy\" decoding=\"async\" aria-describedby=\"caption-attachment-103\" class=\"wp-image-103\" src=\"https:\/\/xn--sportsfisker-storstrm-9fc.dk\/wp-content\/uploads\/2023\/12\/Logo-1-300x194.png\" alt=\"\" width=\"264\" height=\"175\" \/><p id=\"caption-attachment-103\" class=\"wp-caption-text\">Logoet er nok ca. fra 1960erne til omkring 1970.<\/p><\/div>\n<p>Find Andersen var medlem i hans helt unge dage og han fort\u00e6ller at\u00a0det var en bekendt af ham, der lavede tegningen, som gik lige igennem bestyrelsens n\u00e5le\u00f8je den gang for mange \u00e5r siden.<\/p>\n<p>Find Andersen er kommet tilbage som pensionist til Sportsfiskerforeningen Storstr\u00f8mmen efter mange \u00e5rs medlemskab af Sportsfiskerforeningen i Haslev.<\/p>\n<p>Sportsfiskerforeningen\u00a0\u201dStorstr\u00f8mmen\u201d\u00a0fik originaltegningen den 20. maj 2007 i forbindelse med Lystfiskeriets Dag.<\/p>\n<p>&nbsp;<\/p>\n<div id=\"attachment_104\" style=\"width: 216px\" class=\"wp-caption alignleft\"><img loading=\"lazy\" decoding=\"async\" aria-describedby=\"caption-attachment-104\" class=\"wp-image-104\" src=\"https:\/\/xn--sportsfisker-storstrm-9fc.dk\/wp-content\/uploads\/2023\/12\/Logo-2-300x300.png\" alt=\"\" width=\"206\" height=\"206\" srcset=\"https:\/\/xn--sportsfisker-storstrm-9fc.dk\/wp-content\/uploads\/2023\/12\/Logo-2-300x300.png 300w, https:\/\/xn--sportsfisker-storstrm-9fc.dk\/wp-content\/uploads\/2023\/12\/Logo-2-150x150.png 150w, https:\/\/xn--sportsfisker-storstrm-9fc.dk\/wp-content\/uploads\/2023\/12\/Logo-2-299x300.png 299w, https:\/\/xn--sportsfisker-storstrm-9fc.dk\/wp-content\/uploads\/2023\/12\/Logo-2.png 362w\" sizes=\"auto, (max-width: 206px) 100vw, 206px\" \/><p id=\"caption-attachment-104\" class=\"wp-caption-text\">Logoet som det ser ud i dag.<\/p><\/div>\n<p>&nbsp;<\/p>\n<p>&nbsp;<\/p>\n<p>&nbsp;<\/p>\n<p>&nbsp;<\/p>\n<p>&nbsp;<\/p>\n<p>&nbsp;<\/p>\n<p>&nbsp;<\/p>\n<p><strong>Sportsfiskerforeningen Storstr\u00f8mmen<\/strong> er en fiskeklub hjemmeh\u00f8rende i Vordingborg p\u00e5 sydsj\u00e6lland.<\/p>\n<div class=\"bodyText\">\n<p><strong>Foreningens mission:<\/strong><\/p>\n<ul>\n<li>At skabe mulighed for socialt samv\u00e6rd i forbindelse med sp\u00e6ndende lystfiskeri.<\/li>\n<\/ul>\n<p><strong>Foreningens vision:<\/strong><\/p>\n<ul>\n<li>At alle lystfiskeriinterresserede i lokalomr\u00e5det skal v\u00e6re medlemmer af foreningen for derved at forbedre lystfiskeroplevelsen for alle.<\/li>\n<\/ul>\n<p><strong>Foreningens v\u00e6rdier:<\/strong><\/p>\n<ul>\n<li>Vi st\u00e5r for at alle lystfiskere skal have mulighed for socialt samv\u00e6rd.<\/li>\n<li>At vi for mulighed for bedre fiskeri n\u00e5r vi st\u00e5r sammen.<\/li>\n<li>At give vores medlemmer mulighed for at deltage i alle slags fisketure.<\/li>\n<\/ul>\n<\/div>\n<div class=\"headlineBar bar\"><strong><span class=\"middle\">Medlemmer<\/span><\/strong><\/div>\n<div class=\"bodyText\">\n<p align=\"left\">Medlemstallet var i afslutningen af 2021 i alt 61 betalende medlemmer.<\/p>\n<p align=\"left\">Der er nogle af de nye medlemmer der har v\u00e6ret aktive ved vores arangementer og\u00a0det er rigtigt godt.<\/p>\n<p align=\"left\">Kender du en person der er interreseret i lystfiskeri og bor i regionen, s\u00e5 fors\u00f8g at hverve vedkommende. Jo flere medlemmer vi er, jo bedre muligheder har vi for at skabe og afholde succesfulde fisketure i klubregi.<\/p>\n<\/div>\n<div class=\"headlineBar bar\"><strong><span class=\"middle\">Milj\u00f8arbejde<\/span><\/strong><\/div>\n<div class=\"bodyText\">\n<p>Sportsfiskerforeningen Storstr\u00f8mmen arbejder ogs\u00e5 med lokalomr\u00e5dets vandmilj\u00f8. Dette kommer til udtryk ved at foreningen har en person siddende i vandplejeudvalget(Tommy Clausen) der laver et stort stykke arbejde ved at g\u00e5 langs regionens vandl\u00f8b og t\u00e6lle de gydegruber og \u00f8rreder som findes i disse.<\/p>\n<p>Ligeledes havde foreningen i 2009 et par medlemmer p\u00e5 et vandl\u00f8bsrestaureringskursus holdt af Danmarks Sportsfiskerforbund.<\/p>\n<p>Disse tiltag er selvf\u00f8lgelig ikke nok, men de er med til at bev\u00e6ge os i den rigtige retning.<\/p>\n<p>M\u00e5let i den sidste ende er selvf\u00f8lgelig at alle regionens vandl\u00f8b skal v\u00e6re passable og med mulighed for at \u00f8rreden kan gyde.<\/p>\n<p>Ligeledes skal regionens s\u00f8er og havmilj\u00f8 ogs\u00e5 kontrolleres og s\u00f8gt forbedret.<\/p>\n<\/div>\n<div class=\"headlineBar bar\"><strong><span class=\"middle\">Ungdomsafdeling<\/span><\/strong><\/div>\n<div class=\"bodyText\">\n<p>Sportsfiskerforeningen Storstr\u00f8mmen vil i samarbejde med Vordingborg ungdomsskole fors\u00f8ge at starte en ungdomsafdeling, s\u00e5ledes at vi kan f\u00e5 tiltrukket nogle juniore til foreningen der kan v\u00e6re med til at formindske vores medlemmers gennemsnitsalder.<\/p>\n<p>S\u00e5 snart vi f\u00e5r nogle aktive juniorer vil foreningen opgradere vores ungdomsarbejde med specielle fisketure og aktiviteter.<\/p>\n<\/div>\n<p>&nbsp;<\/p>\n<p>&nbsp;<\/p>\n","protected":false},"excerpt":{"rendered":"<p>Klublokalet Sportsfiskerforeningen Storstr\u00f8mmen\u00a0 \u00a0 \u00a0 \u00a0 \u00a0 \u00a0 \u00a0 \u00a0 \u00a0 \u00a0 \u00a0 \u00a0 \u00a0 \u00a0 \u00a0 \u00a0 \u00a0 \u00a0 \u00a0 \u00a0 \u00a0 \u00a0 \u00a0 \u00a0 \u00a0 \u00a0 \u00a0 \u00a0 \u00a0 \u00a0 \u00a0 \u00a0 Foreningen har i 2021 f\u00e5et nyt &hellip; <a href=\"https:\/\/xn--sportsfisker-storstrm-9fc.dk\/?page_id=143\">L\u00e6s resten <span class=\"meta-nav\">&rarr;<\/span><\/a><\/p>\n","protected":false},"author":1,"featured_media":0,"parent":0,"menu_order":0,"comment_status":"closed","ping_status":"closed","template":"","meta":{"footnotes":""},"class_list":["post-143","page","type-page","status-publish","hentry"],"_links":{"self":[{"href":"https:\/\/xn--sportsfisker-storstrm-9fc.dk\/index.php?rest_route=\/wp\/v2\/pages\/143","targetHints":{"allow":["GET"]}}],"collection":[{"href":"https:\/\/xn--sportsfisker-storstrm-9fc.dk\/index.php?rest_route=\/wp\/v2\/pages"}],"about":[{"href":"https:\/\/xn--sportsfisker-storstrm-9fc.dk\/index.php?rest_route=\/wp\/v2\/types\/page"}],"author":[{"embeddable":true,"href":"https:\/\/xn--sportsfisker-storstrm-9fc.dk\/index.php?rest_route=\/wp\/v2\/users\/1"}],"replies":[{"embeddable":true,"href":"https:\/\/xn--sportsfisker-storstrm-9fc.dk\/index.php?rest_route=%2Fwp%2Fv2%2Fcomments&post=143"}],"version-history":[{"count":27,"href":"https:\/\/xn--sportsfisker-storstrm-9fc.dk\/index.php?rest_route=\/wp\/v2\/pages\/143\/revisions"}],"predecessor-version":[{"id":383,"href":"https:\/\/xn--sportsfisker-storstrm-9fc.dk\/index.php?rest_route=\/wp\/v2\/pages\/143\/revisions\/383"}],"wp:attachment":[{"href":"https:\/\/xn--sportsfisker-storstrm-9fc.dk\/index.php?rest_route=%2Fwp%2Fv2%2Fmedia&parent=143"}],"curies":[{"name":"wp","href":"https:\/\/api.w.org\/{rel}","templated":true}]}}