{"id":154,"date":"2023-12-10T03:12:40","date_gmt":"2023-12-10T03:12:40","guid":{"rendered":"https:\/\/xn--sportsfisker-storstrm-9fc.dk\/?page_id=154"},"modified":"2026-02-25T10:51:39","modified_gmt":"2026-02-25T10:51:39","slug":"vedtaegter","status":"publish","type":"page","link":"https:\/\/xn--sportsfisker-storstrm-9fc.dk\/?page_id=154","title":{"rendered":"Vedt\u00e6gter"},"content":{"rendered":"<p><span style=\"font-size: 28px;\"><strong>Vedt\u00e6gter for Sportsfiskerforeningen Storstr\u00f8mmen, Vordingborg<\/strong><\/span>.<\/p>\n<p>\u00a4 1<\/p>\n<div id=\"column2Wrapper\" class=\"columnB1Wrapper\">\n<div id=\"contentPage2Columns1Column2\" class=\"column columnB1\">\n<div id=\"contentAreaId_11\" class=\"defaultContentAreaModule\">\n<div class=\"bodyText\">\n<p><span style=\"font-weight: 400;\">Stk. 1. Foreningens navn er Sportsfiskerforeningen Storstr\u00f8mmen. Foreningens hjemsted er Vordingborg.<\/span><\/p>\n<p><span style=\"font-weight: 400;\">Stk. 2. Foreningen er medlem af Danmarks Sportsfiskerforbund, og medlemmerne modtager Forbundets medlemsblad \u201dSportsfiskeren\u201d<\/span><\/p>\n<p><span style=\"font-weight: 400;\">\u00a0 \u00a0 \u00a4 2.<\/span><\/p>\n<p><span style=\"font-weight: 400;\">Stk. 1. Foreningens form\u00e5l er:<\/span><\/p>\n<ol>\n<li style=\"font-weight: 400;\" aria-level=\"1\"><span style=\"font-weight: 400;\">at samle alle med interesse for sportsfiskeri<\/span><\/li>\n<li style=\"font-weight: 400;\" aria-level=\"1\"><span style=\"font-weight: 400;\">at dyrke sportsfiskeri<\/span><\/li>\n<li style=\"font-weight: 400;\" aria-level=\"1\"><span style=\"font-weight: 400;\">at udvide kendskabet til almindelig sportsfiskerkultur<\/span><\/li>\n<li style=\"font-weight: 400;\" aria-level=\"1\"><span style=\"font-weight: 400;\">at udvide og forbedre sportsfiskerf\u00e6rdigheder<\/span><\/li>\n<li style=\"font-weight: 400;\" aria-level=\"1\"><span style=\"font-weight: 400;\">at arbejde for bevarelse af fiskevandene<\/span><\/li>\n<li style=\"font-weight: 400;\" aria-level=\"1\"><span style=\"font-weight: 400;\">at fortage milj\u00f8arbejde til gavn ynglebestandene.<\/span><\/li>\n<li style=\"font-weight: 400;\" aria-level=\"1\"><span style=\"font-weight: 400;\">at arrangere ture for medlemmerne.<\/span><\/li>\n<\/ol>\n<p><span style=\"font-weight: 400;\">Stk. 2. Til fremme af disse form\u00e5l kan foreningen, alt efter \u00f8konomisk evne, indk\u00f8be b\u00e5d, arrangere foredrag, filmaftener, kurser, studiekredse og instruktion.<\/span><\/p>\n<ul>\n<li><span style=\"font-weight: 400;\"> 3.<\/span><\/li>\n<\/ul>\n<p><span style=\"font-weight: 400;\">Stk. 1. Foreningen best\u00e5r af en seniorafdeling og en juniorafdeling.<\/span><\/p>\n<p><span style=\"font-weight: 400;\">Stk. 2. Som medlem af seniorafdelingen kan optages alle, som er fyldt 18 \u00e5r.<\/span><\/p>\n<p><span style=\"font-weight: 400;\">Stk. 3. Som medlem af juniorafdelingen kan optages alle indtil det fyldte 18. \u00e5r. Medlemmer under 12 \u00e5r kan kun deltage i foreningens ture if\u00f8lge med en voksen.<\/span><\/p>\n<p><span style=\"font-weight: 400;\">Stk. 4. Der kan optages passive medlemmer i foreningen.\u00a0<\/span><\/p>\n<p><span style=\"font-weight: 400;\">Stk. 5 Anmodning om optagelse rettes til et medlem af bestyrelsen, der afg\u00f8r, om optagelse kan finde sted.<\/span><\/p>\n<p><span style=\"font-weight: 400;\">Stk. 6. Hvert medlem af foreningen skal have et s\u00e6t vedt\u00e6gter.<\/span><\/p>\n<ul>\n<li><span style=\"font-weight: 400;\">4.<\/span><\/li>\n<\/ul>\n<p><span style=\"font-weight: 400;\">Udmeldelse skal ske inden 1. januar.<\/span><\/p>\n<ul>\n<li><span style=\"font-weight: 400;\">5.<\/span><\/li>\n<\/ul>\n<p><span style=\"font-weight: 400;\">Stk. 1. Generalforsamlingen fasts\u00e6tter kontingenter, som opkr\u00e6ves hel\u00e5rligt og betales forud.<\/span><\/p>\n<p><span style=\"font-weight: 400;\">Stk. 2. For juniorer, medlemmer under uddannelse og pensionister fasts\u00e6ttes reduceret kontingent.<\/span><\/p>\n<p><span style=\"font-weight: 400;\">Stk. 3. Kontingentet skal v\u00e6re indbetalt til foreningen senest 1. marts.<\/span><\/p>\n<ul>\n<li><span style=\"font-weight: 400;\">6.<\/span><\/li>\n<\/ul>\n<p><span style=\"font-weight: 400;\">Stk. 1. Ordin\u00e6r generalforsamling afholdes hvert \u00e5r inden udgangen af februar m\u00e5ned. Indvarsling foretages af bestyrelsen og skal ske senest 14 dage f\u00f8r afholdelse ved offentligg\u00f8relse p\u00e5 Foreningens hjemmeside og ved E-post til foreningens medlemmer med angivelse af dagsorden.<\/span><\/p>\n<p><span style=\"font-weight: 400;\">Stk. 2. Dagsordenen skal indeholde f\u00f8lgende punkter:<\/span><\/p>\n<ol>\n<li style=\"font-weight: 400;\" aria-level=\"1\"><span style=\"font-weight: 400;\">Valg af ordstyrer<\/span><\/li>\n<li style=\"font-weight: 400;\" aria-level=\"1\"><span style=\"font-weight: 400;\">\u00c5rsberetning<\/span><\/li>\n<li style=\"font-weight: 400;\" aria-level=\"1\"><span style=\"font-weight: 400;\">Forel\u00e6ggelse og godkendelse af det reviderede regnskab.<\/span><\/li>\n<li style=\"font-weight: 400;\" aria-level=\"1\"><span style=\"font-weight: 400;\">Behandling af rettidigt indkomne forslag.<\/span><\/li>\n<li style=\"font-weight: 400;\" aria-level=\"1\"><span style=\"font-weight: 400;\">Kontingentfasts\u00e6ttelse.<\/span><\/li>\n<li style=\"font-weight: 400;\" aria-level=\"1\"><span style=\"font-weight: 400;\">Valg af formand eller kasserer.<\/span><\/li>\n<li style=\"font-weight: 400;\" aria-level=\"1\"><span style=\"font-weight: 400;\">Valg af bestyrelsesmedlemmer, suppleanter og revisorer.<\/span><\/li>\n<li style=\"font-weight: 400;\" aria-level=\"1\"><span style=\"font-weight: 400;\">Eventuelt<\/span><\/li>\n<\/ol>\n<p><span style=\"font-weight: 400;\">Stk. 3. Forslag, som \u00f8nskes behandlet p\u00e5 generalforsamlingen, skal v\u00e6re bestyrelsen i h\u00e6nde senest 8 dage f\u00f8r afholdelsen og skal stilles skriftligt. Forslagsstillerne har m\u00f8depligt.<\/span><\/p>\n<ul>\n<li><span style=\"font-weight: 400;\"> 7.\u00a0<\/span><\/li>\n<\/ul>\n<p><span style=\"font-weight: 400;\">Stk. 1.Ekstraordin\u00e6r generalforsamling afholdes, n\u00e5r bestyrelsen finder anledning hertil, eller n\u00e5r mindst to tredjedele (2\/3) af medlemmerne beg\u00e6rer det skriftligt med angivelse af dagsorden til bestyrelsen.\u00a0<\/span><\/p>\n<p><span style=\"font-weight: 400;\">Stk. 2. N\u00e5r to tredjedele (2\/3) af medlemmerne beg\u00e6rer ekstraordin\u00e6r generalforsamling, skal indkaldelsen udg\u00e5 senest ti (10) dage efter beg\u00e6ringen foreligger. Ekstraordin\u00e6r generalforsamling indkaldes p\u00e5 samme m\u00e5de og med samme varsel som ordin\u00e6r generalforsamling, dog kan bestyrelsen i p\u00e5tr\u00e6ngende tilf\u00e6lde forkorte varslet til otte (8) dage.<\/span><\/p>\n<ul>\n<li><span style=\"font-weight: 400;\"> 8.<\/span><\/li>\n<\/ul>\n<p><span style=\"font-weight: 400;\">Stk. 1. Generalforsamlingen er foreningens h\u00f8jeste myndighed. Den tr\u00e6ffer alle beslutninger ved almindeligt stemmeflertal med undtagelse af de i \u00a714 og 15 n\u00e6vnte tilf\u00e6lde. Den til enhver tid lovligt indkaldte generalforsamling er beslutningsdygtig uanset m\u00f8dedeltagernes antal.\u00a0<\/span><\/p>\n<p><span style=\"font-weight: 400;\">Stk. 2. Generalforsamlingen ledes af en af forsamlingen valgt ordstyrer.<\/span><\/p>\n<p><span style=\"font-weight: 400;\">Stk. 3 Kun medlemmer, der har betalt rettidigt kontingent, har adgang til generalforsamlingen.\u00a0<\/span><\/p>\n<p><span style=\"font-weight: 400;\">Stk. 4. I vigtige sager eller ved gennemgribende beslutninger, hvor sagkyndig bistand kan v\u00e6re \u00f8nskelig, kan bestyrelsen om forn\u00f8dent indbyde ikke-medlemmer til generalforsamlingen.\u00a0<\/span><\/p>\n<p><span style=\"font-weight: 400;\">Stk. 5. Hvert medlem over 18 \u00e5r har \u00e9n (1) stemme, og ingen kan stemme ved fuldmagt. Afstemninger sker skriftligt, s\u00e5fremt det forlanges af et flertal af de fremm\u00f8dte.<\/span><\/p>\n<p><span style=\"font-weight: 400;\">Stk. 6. Valg af bestyrelsesmedlemmer skal foreg\u00e5 skriftligt.\u00a0<\/span><\/p>\n<ul>\n<li><span style=\"font-weight: 400;\">9.<\/span><\/li>\n<\/ul>\n<p><span style=\"font-weight: 400;\">Stk. 1 Til at varetage foreningens daglige virksomhed og administration v\u00e6lges en bestyrelse, som best\u00e5r af formand, kasserer og tre (3) bestyrelsesmedlemmer. Derudover v\u00e6lges 2 suppleanter, 2 revisorer og en revisorsuppleant.\u00a0<\/span><\/p>\n<p><span style=\"font-weight: 400;\">Der kan ikke v\u00e6lges medlemmer under 18 \u00e5r til bestyrelsen.<\/span><\/p>\n<p><span style=\"font-weight: 400;\">Stk. 2. Bestyrelsen v\u00e6lges p\u00e5 den ordin\u00e6re generalforsamling. Valget skal foreg\u00e5 s\u00e5ledes, at formanden, 1 bestyrelsesmedlem, 1 suppleant og 1 revisorsuppleant v\u00e6lges p\u00e5 lige \u00e5rstal, medens kasserer, 2 bestyrelsesmedlemmer, en suppleant og en revisor v\u00e6lges p\u00e5 ulige \u00e5rstal. Valget g\u00e6lder for en periode p\u00e5 2 \u00e5r, og genvalg kan finde sted.\u00a0<\/span><\/p>\n<p><span style=\"font-weight: 400;\">Stk. 3. Formand og kasserer v\u00e6lges direkte p\u00e5 generalforsamlingen. Bestyrelsen konstituerer sekret\u00e6rposten.\u00a0<\/span><\/p>\n<p><span style=\"font-weight: 400;\">Stk. 4. Bestyrelsen skal handle i overensstemmelse med vedt\u00e6gterne. Hvert medlem handler under ansvar over for generalforsamlingen.<\/span><\/p>\n<p><span style=\"font-weight: 400;\">Stk. 5. Bestyrelsen kan ikke ans\u00e6tte l\u00f8nnet arbejdskraft.\u00a0<\/span><\/p>\n<p><span style=\"font-weight: 400;\">Stk. 6. Der afholder bestyrelsesm\u00f8de, n\u00e5r formanden finder det n\u00f8dvendigt, eller hvis to bestyrelsesmedlemmer ytrer \u00f8nske herom.<\/span><\/p>\n<p><span style=\"font-weight: 400;\">Stk. 7. Sager behandlet p\u00e5 et bestyrelsesm\u00f8de afg\u00f8res ved almindeligt stemmeflertal. I tilf\u00e6lde af stemmelighed er formandens stemme afg\u00f8rende.\u00a0<\/span><\/p>\n<p><span style=\"font-weight: 400;\">Stk. 8. Der tages referat af bestyrelsesm\u00f8der.\u00a0<\/span><\/p>\n<ul>\n<li><span style=\"font-weight: 400;\"> 10.<\/span><\/li>\n<\/ul>\n<p><span style=\"font-weight: 400;\">Stk. 1. Foreningens regnskabs\u00e5r er fra 1\/1 til 31\/12.<\/span><\/p>\n<p><span style=\"font-weight: 400;\">Stk. 2. Foreningens medlems\u00e5r er fra 1\/3 til 28.2<\/span><\/p>\n<p><span style=\"font-weight: 400;\">Stk. 3. Regnskabet f\u00f8res af kassereren, som (evt. via DSF) s\u00f8rger for, at kontingent opkr\u00e6ves rettidigt, og foreningens pengemidler bliver anbragt i et anerkendt pengeinstitut. Tillige med regnskabet f\u00f8res en liste over foreningens aktiver.\u00a0<\/span><\/p>\n<p><span style=\"font-weight: 400;\">Stk. 4. Kassereren har pligt til, s\u00e5 ofte det forlanges, at fremvise kasse- og regnskabsb\u00f8ger for bestyrelsen og revisorerne.<\/span><\/p>\n<p><span style=\"font-weight: 400;\">Stk. 5. Foreningens regnskabet skal i revideret stand forel\u00e6gges til godkendelse p\u00e5 generalforsamlingen, underskrevet af kassereren og de 2. revisorer.\u00a0<\/span><\/p>\n<p><span style=\"font-weight: 400;\">Stk. 6. Foreningen tegnes af formanden og kassereren, eller hvis formanden er forhindret af sekret\u00e6ren og kassereren.\u00a0<\/span><\/p>\n<ul>\n<li><span style=\"font-weight: 400;\"> 11.\u00a0<\/span><\/li>\n<\/ul>\n<p><span style=\"font-weight: 400;\">Stk. 1. Revisorerne skal revidere foreningens regnskab, som skal forel\u00e6gges generalforsamlingen. Revisionen skal foretages senest 10 dage efter, at kassereren har givet meddelelse om, at regnskaberne er afsluttet.\u00a0<\/span><\/p>\n<p><span style=\"font-weight: 400;\">Stk. 2. Revisorerne har pligt til at g\u00f8re sig bekendt med, hvad referater m\u00e5tte give af oplysninger om beslutninger, bestyrelsen har foretaget i forbindelse med regnskabet.\u00a0<\/span><\/p>\n<p><span style=\"font-weight: 400;\">Stk. 3. Revisorerne har pligt til, s\u00e5 ofte bestyrelsen forlanger det, at revidere foreningens regnskaber.\u00a0<\/span><\/p>\n<p><span style=\"font-weight: 400;\">Stk. 4. Revisorerne skal gennemg\u00e5 foreningens regnskab og lister over aktiver for at sikre sig, at aktiverne er til stede.\u00a0<\/span><\/p>\n<ul>\n<li><span style=\"font-weight: 400;\"> 12.\u00a0<\/span><\/li>\n<\/ul>\n<p><span style=\"font-weight: 400;\">Stk. 1. Forslag til \u00e6resmedlem af foreningen skal v\u00e6re bestyrelsen i h\u00e6nde senest 8. dage f\u00f8r generalforsamlingens afholdelse. Afg\u00f8relsen tr\u00e6ffes enstemmigt af bestyrelsen og er indiskutabel. Fungerende bestyrelsesmedlemmer kan ikke blive \u00e6resmedlemmer.\u00a0<\/span><\/p>\n<ul>\n<li><span style=\"font-weight: 400;\"> 13.<\/span><\/li>\n<\/ul>\n<p><span style=\"font-weight: 400;\">Dersom et medlem ikke overholder foreningens vedt\u00e6gter, kan vedkommende ekskluderes ved beslutning i bestyrelsen. Mindst 3 medlemmer af bestyrelsen skal stemme for eksklusion. Ekskluderede medlemmer kan bringe beslutningen op p\u00e5 en generalforsamling.<\/span><\/p>\n<ul>\n<li><span style=\"font-weight: 400;\">14.\u00a0<\/span><\/li>\n<\/ul>\n<p><span style=\"font-weight: 400;\">Stk. 1. Til \u00e6ndring af foreningens vedt\u00e6gter kr\u00e6ves det at mindst 2\/3 af generalforsamlingens deltagere stemmer herfor.\u00a0<\/span><\/p>\n<p><span style=\"font-weight: 400;\">Stk. 2. Hvis et forslag til \u00e6ndring af vedt\u00e6gterne opn\u00e5r flertal uden af opn\u00e5 2\/3 af stemmerne, kan forslaget genfrems\u00e6ttes p\u00e5 en ekstraordin\u00e6r generalforsamling, som skal indkaldes med 10 dages varsel og afholdes senest 3 uger efter den f\u00f8rste generalforsamling. Her kan forslaget vedtages med almindeligt stemmeflertal.\u00a0<\/span><\/p>\n<ul>\n<li><span style=\"font-weight: 400;\"> 15.\u00a0<\/span><\/li>\n<\/ul>\n<p><span style=\"font-weight: 400;\">Stk. 1. Til vedtagelse af en beslutning om foreningens oph\u00e6velse kr\u00e6ves, at mindst 4\/5 af generalforsamlingens deltagere stemmer herfor.<\/span><\/p>\n<p><span style=\"font-weight: 400;\">Stk. 2. Dersom et forslag om opl\u00f8sning opn\u00e5r flertal, men uden at opn\u00e5 4\/5 af stemmerne, forel\u00e6gges forslaget en ny generalforsamling, som skal indkaldes med 14 dages varsel. P\u00e5 denne generalforsamling kan forslaget vedtages endeligt med 4\/5 af de afgivne stemmer.<\/span><\/p>\n<p><span style=\"font-weight: 400;\">Stk. 3. I tilf\u00e6lde af foreningens opl\u00f8sning skal der p\u00e5 den afsluttende generalforsamling besluttes, hvordan foreningens aktiver skal fordeles under hensyntagen til foreningens form\u00e5l.<\/span><\/p>\n<p><span style=\"font-weight: 400;\">N\u00e6rv\u00e6rende vedt\u00e6gter er vedtaget p\u00e5 generalforsamling den 24.2.2026<\/span><\/p>\n<p>&nbsp;<\/p>\n<\/div>\n<\/div>\n<\/div>\n<\/div>\n","protected":false},"excerpt":{"rendered":"<p>Vedt\u00e6gter for Sportsfiskerforeningen Storstr\u00f8mmen, Vordingborg. \u00a4 1 Stk. 1. Foreningens navn er Sportsfiskerforeningen Storstr\u00f8mmen. Foreningens hjemsted er Vordingborg. Stk. 2. Foreningen er medlem af Danmarks Sportsfiskerforbund, og medlemmerne modtager Forbundets medlemsblad \u201dSportsfiskeren\u201d \u00a0 \u00a0 \u00a4 2. Stk. 1. Foreningens form\u00e5l &hellip; <a href=\"https:\/\/xn--sportsfisker-storstrm-9fc.dk\/?page_id=154\">L\u00e6s resten <span class=\"meta-nav\">&rarr;<\/span><\/a><\/p>\n","protected":false},"author":1,"featured_media":0,"parent":0,"menu_order":0,"comment_status":"closed","ping_status":"closed","template":"","meta":{"footnotes":""},"class_list":["post-154","page","type-page","status-publish","hentry"],"_links":{"self":[{"href":"https:\/\/xn--sportsfisker-storstrm-9fc.dk\/index.php?rest_route=\/wp\/v2\/pages\/154","targetHints":{"allow":["GET"]}}],"collection":[{"href":"https:\/\/xn--sportsfisker-storstrm-9fc.dk\/index.php?rest_route=\/wp\/v2\/pages"}],"about":[{"href":"https:\/\/xn--sportsfisker-storstrm-9fc.dk\/index.php?rest_route=\/wp\/v2\/types\/page"}],"author":[{"embeddable":true,"href":"https:\/\/xn--sportsfisker-storstrm-9fc.dk\/index.php?rest_route=\/wp\/v2\/users\/1"}],"replies":[{"embeddable":true,"href":"https:\/\/xn--sportsfisker-storstrm-9fc.dk\/index.php?rest_route=%2Fwp%2Fv2%2Fcomments&post=154"}],"version-history":[{"count":30,"href":"https:\/\/xn--sportsfisker-storstrm-9fc.dk\/index.php?rest_route=\/wp\/v2\/pages\/154\/revisions"}],"predecessor-version":[{"id":1043,"href":"https:\/\/xn--sportsfisker-storstrm-9fc.dk\/index.php?rest_route=\/wp\/v2\/pages\/154\/revisions\/1043"}],"wp:attachment":[{"href":"https:\/\/xn--sportsfisker-storstrm-9fc.dk\/index.php?rest_route=%2Fwp%2Fv2%2Fmedia&parent=154"}],"curies":[{"name":"wp","href":"https:\/\/api.w.org\/{rel}","templated":true}]}}