{"id":161,"date":"2023-12-10T03:40:10","date_gmt":"2023-12-10T03:40:10","guid":{"rendered":"https:\/\/xn--sportsfisker-storstrm-9fc.dk\/?page_id=161"},"modified":"2024-01-02T08:39:17","modified_gmt":"2024-01-02T08:39:17","slug":"bliv-medlem","status":"publish","type":"page","link":"https:\/\/xn--sportsfisker-storstrm-9fc.dk\/?page_id=161","title":{"rendered":"Bliv medlem"},"content":{"rendered":"<div class=\"container tiny\">\n<h1>Sportsfiskerforeningen Storstr\u00f8mmen<\/h1>\n<\/div>\n<div class=\"slick-list draggable\" tabindex=\"0\">\n<div class=\"slick-track\">\n<div class=\"slick-slide slick-active\" data-slick-index=\"0\"><img loading=\"lazy\" decoding=\"async\" class=\"size-medium wp-image-103 alignleft\" src=\"https:\/\/xn--sportsfisker-storstrm-9fc.dk\/wp-content\/uploads\/2023\/12\/Logo-1-300x194.png\" alt=\"\" width=\"300\" height=\"194\" srcset=\"https:\/\/xn--sportsfisker-storstrm-9fc.dk\/wp-content\/uploads\/2023\/12\/Logo-1-300x194.png 300w, https:\/\/xn--sportsfisker-storstrm-9fc.dk\/wp-content\/uploads\/2023\/12\/Logo-1.png 362w\" sizes=\"auto, (max-width: 300px) 100vw, 300px\" \/><\/div>\n<\/div>\n<\/div>\n<div class=\"container tiny\">\n<div class=\"description\">\n<p>Foreningen blev stiftet i 1950, og allerede i de f\u00f8rste vedt\u00e6gter fremg\u00e5r det, at foreningen skal v\u00e6re tilknyttet Danmarks Sportsfiskerforbund.<\/p>\n<\/div>\n<p><a href=\"https:\/\/www.sportsfiskeren.dk\/foreninger\/124\/sportsfiskerfor-storstroemmen\"><strong>Her kan du melde dig ind i Sportsfiskerforeningen Storstr\u00f8mmen<\/strong><\/a><\/p>\n<p><a class=\"type\" href=\"https:\/\/www.sportsfiskeren.dk\/foreninger\">Andre foreninger under Danmarks Sportsfiskerforbund<\/a><\/p>\n<h2>Danmarks Sportsfiskerforbund<\/h2>\n<p>Gennem dit medlemskab af\u00a0Sportsfiskerforeningen Storstr\u00f8mmen\u00a0er du automatisk ogs\u00e5 medlem af Danmarks Sportsfiskerforbund.<\/p>\n<p>Dermed modtager du Danmarks st\u00f8rste og bedste fiskemagasin, nemlig \u201dSportsfiskeren\u201d, 10 gange om \u00e5ret direkte ind gennem din brevspr\u00e6kke.<\/p>\n<p>Du st\u00f8tter ogs\u00e5 Danmarks Sportsfiskerforbunds arbejde for et bedre rekreativt fiskeri i Danmark. Sportsfiskerforbundet arbejder aktivt for den gode sag, som kommer naturen, vandmilj\u00f8et, ungdommen og alle lyst- og sportsfiskere i Danmark til gavn.<\/p>\n<p>Medlemskabet giver desuden en masse fordele som du kan se p\u00e5\u00a0<strong><a href=\"https:\/\/www.sportsfiskeren.dk\/\">www.sportsfiskeren.dk<\/a><\/strong><\/p>\n<p>Disse fordele er bla:<\/p>\n<p>* Gratis ansvarsforsikring<br \/>\n* Fiskeret flere steder i Danmark<br \/>\n* Rabat p\u00e5 fiskeri.<br \/>\n* Rabat p\u00e5 f\u00e6rgetransport.<br \/>\n* Adgang til lystfiskerkurser og \u2013rejser.<br \/>\n* Rabat p\u00e5 hytte- og campingferie.<br \/>\n* Rabat p\u00e5 b\u00f8ger og DVD\u00b4er<br \/>\n* Rabat p\u00e5 sev\u00e6rdigheder<br \/>\n* Og meget mere\u2026\u2026<\/p>\n<\/div>\n","protected":false},"excerpt":{"rendered":"<p>Sportsfiskerforeningen Storstr\u00f8mmen Foreningen blev stiftet i 1950, og allerede i de f\u00f8rste vedt\u00e6gter fremg\u00e5r det, at foreningen skal v\u00e6re tilknyttet Danmarks Sportsfiskerforbund. Her kan du melde dig ind i Sportsfiskerforeningen Storstr\u00f8mmen Andre foreninger under Danmarks Sportsfiskerforbund Danmarks Sportsfiskerforbund Gennem dit &hellip; <a href=\"https:\/\/xn--sportsfisker-storstrm-9fc.dk\/?page_id=161\">L\u00e6s resten <span class=\"meta-nav\">&rarr;<\/span><\/a><\/p>\n","protected":false},"author":1,"featured_media":0,"parent":0,"menu_order":0,"comment_status":"closed","ping_status":"closed","template":"","meta":{"footnotes":""},"class_list":["post-161","page","type-page","status-publish","hentry"],"_links":{"self":[{"href":"https:\/\/xn--sportsfisker-storstrm-9fc.dk\/index.php?rest_route=\/wp\/v2\/pages\/161","targetHints":{"allow":["GET"]}}],"collection":[{"href":"https:\/\/xn--sportsfisker-storstrm-9fc.dk\/index.php?rest_route=\/wp\/v2\/pages"}],"about":[{"href":"https:\/\/xn--sportsfisker-storstrm-9fc.dk\/index.php?rest_route=\/wp\/v2\/types\/page"}],"author":[{"embeddable":true,"href":"https:\/\/xn--sportsfisker-storstrm-9fc.dk\/index.php?rest_route=\/wp\/v2\/users\/1"}],"replies":[{"embeddable":true,"href":"https:\/\/xn--sportsfisker-storstrm-9fc.dk\/index.php?rest_route=%2Fwp%2Fv2%2Fcomments&post=161"}],"version-history":[{"count":20,"href":"https:\/\/xn--sportsfisker-storstrm-9fc.dk\/index.php?rest_route=\/wp\/v2\/pages\/161\/revisions"}],"predecessor-version":[{"id":380,"href":"https:\/\/xn--sportsfisker-storstrm-9fc.dk\/index.php?rest_route=\/wp\/v2\/pages\/161\/revisions\/380"}],"wp:attachment":[{"href":"https:\/\/xn--sportsfisker-storstrm-9fc.dk\/index.php?rest_route=%2Fwp%2Fv2%2Fmedia&parent=161"}],"curies":[{"name":"wp","href":"https:\/\/api.w.org\/{rel}","templated":true}]}}