{"id":2,"date":"2023-12-02T15:48:41","date_gmt":"2023-12-02T15:48:41","guid":{"rendered":"https:\/\/xn--sportsfisker-storstrm-9fc.dk\/?page_id=2"},"modified":"2026-02-16T21:47:09","modified_gmt":"2026-02-16T21:47:09","slug":"sample-page","status":"publish","type":"page","link":"https:\/\/xn--sportsfisker-storstrm-9fc.dk\/","title":{"rendered":"Forsiden"},"content":{"rendered":"<span style=\"font-size: 28px;\"><strong>Velkommen til foreningen for lystfiskere i Vordingborg og omegn<\/strong><\/span>\r\n\r\n<span style=\"font-size: 28px;\"><strong><img loading=\"lazy\" decoding=\"async\" class=\"size-medium wp-image-427 aligncenter\" src=\"https:\/\/xn--sportsfisker-storstrm-9fc.dk\/wp-content\/uploads\/2024\/01\/Ikon-5-lille-300x300.png\" alt=\"\" width=\"300\" height=\"300\" srcset=\"https:\/\/xn--sportsfisker-storstrm-9fc.dk\/wp-content\/uploads\/2024\/01\/Ikon-5-lille-300x300.png 300w, https:\/\/xn--sportsfisker-storstrm-9fc.dk\/wp-content\/uploads\/2024\/01\/Ikon-5-lille-150x150.png 150w, https:\/\/xn--sportsfisker-storstrm-9fc.dk\/wp-content\/uploads\/2024\/01\/Ikon-5-lille-301x300.png 301w, https:\/\/xn--sportsfisker-storstrm-9fc.dk\/wp-content\/uploads\/2024\/01\/Ikon-5-lille.png 567w\" sizes=\"auto, (max-width: 300px) 100vw, 300px\" \/><\/strong><\/span>\r\n<table style=\"border-collapse: collapse; width: 100.685%; height: 196px;\">\r\n<tbody>\r\n<tr>\r\n<td style=\"width: 282px;\"><span style=\"font-size: 24px;\"><strong>Klubaftener<\/strong><\/span>\r\n\r\n<strong>Vi m\u00f8des hver anden tirsdag i ulige uger, kl. 19<sup>00<\/sup> i klubhuset, hvis <\/strong><strong style=\"font-family: inherit; font-size: inherit;\">der <\/strong><strong style=\"font-family: inherit; font-size: inherit;\">ikke er planlagt andet arrangement.<\/strong>\r\n\r\n&nbsp;<\/td>\r\n<td style=\"width: 282px;\"><span style=\"font-size: 24px;\"><strong>Klub dagm\u00f8der<\/strong><\/span>\r\n\r\n<b>Vi m\u00f8des hver anden Torsdag i lige\u00a0 uger kl. 11<sup>00<\/sup> i klubhuset til en kop kaffe og vi har vores fiskegrej med.\r\nVinden og vejret bestemmer hvad der videre sker.<\/b><\/td>\r\n<\/tr>\r\n<\/tbody>\r\n<\/table>\r\n<p style=\"text-align: center;\"><a href=\"https:\/\/xn--sportsfisker-storstrm-9fc.dk\/?page_id=52https:\/\/xn--sportsfisker-storstrm-9fc.dk\/?page_id=52https:\/\/xn--sportsfisker-storstrm-9fc.dk\/?page_id=52https:\/\/xn--sportsfisker-storstrm-9fc.dk\/?page_id=52https:\/\/xn--sportsfisker-storstrm-9fc.dk\/?page_id=52https:\/\/xn--sportsfisker-storstrm-9fc.dk\/?page_id=52https:\/\/xn--sportsfisker-storstrm-9fc.dk\/?page_id=52https:\/\/xn--sportsfisker-storstrm-9fc.dk\/?page_id=52https:\/\/xn--sportsfisker-storstrm-9fc.dk\/?page_id=52https:\/\/xn--sportsfisker-storstrm-9fc.dk\/?page_id=52\"><span style=\"font-size: 24px;\"><strong>Se i kalenderen for planlagte <\/strong><b>arrangementer<\/b><\/span><\/a><\/p>\r\n\r\n<div class=\"imageAndTextNoFloatHeader\"><strong><span style=\"font-size: 14px;\"><span style=\"font-size: 24px;\"><img loading=\"lazy\" decoding=\"async\" class=\"size-medium wp-image-271 alignright\" src=\"https:\/\/xn--sportsfisker-storstrm-9fc.dk\/wp-content\/uploads\/2023\/12\/Klubhus-300x185.png\" alt=\"\" width=\"300\" height=\"185\" srcset=\"https:\/\/xn--sportsfisker-storstrm-9fc.dk\/wp-content\/uploads\/2023\/12\/Klubhus-300x185.png 300w, https:\/\/xn--sportsfisker-storstrm-9fc.dk\/wp-content\/uploads\/2023\/12\/Klubhus-486x300.png 486w, https:\/\/xn--sportsfisker-storstrm-9fc.dk\/wp-content\/uploads\/2023\/12\/Klubhus.png 744w\" sizes=\"auto, (max-width: 300px) 100vw, 300px\" \/>Klublokalet<\/span><\/span><\/strong><\/div>\r\n<div class=\"imageAndTextNoFloatBodyText\">\r\n\r\n<strong><em>Vi holder til i eget klubhus med rygeovn, b\u00e5d og andre gode faciliteter.<\/em><\/strong>\r\n<strong><em>Adressen er Fortvej 8 Masned\u00f8.\u00a0 4760 Vordingborg\u00a0 <\/em><\/strong><strong><em>\u00a0 \u00a0 \u00a0<\/em><\/strong><strong><em><img loading=\"lazy\" decoding=\"async\" class=\"size-thumbnail wp-image-883 alignleft\" src=\"https:\/\/xn--sportsfisker-storstrm-9fc.dk\/wp-content\/uploads\/2025\/10\/thumbnail_0fa5df0d-1be0-4bfb-88cf-9f7d526afca2-1_all_1709-1-150x150.jpg\" alt=\"Foreningens nye b\u00e5d.\" width=\"150\" height=\"150\" \/><\/em><\/strong><a href=\"https:\/\/www.facebook.com\/storstrommen\">\u00a0<img loading=\"lazy\" decoding=\"async\" class=\"alignnone wp-image-247\" src=\"https:\/\/xn--sportsfisker-storstrm-9fc.dk\/wp-content\/uploads\/2023\/12\/Facebook-Ikon-300x300.png\" alt=\"Se ogs\u00e5 p\u00e5 Facebook\" width=\"35\" height=\"35\" srcset=\"https:\/\/xn--sportsfisker-storstrm-9fc.dk\/wp-content\/uploads\/2023\/12\/Facebook-Ikon-300x300.png 300w, https:\/\/xn--sportsfisker-storstrm-9fc.dk\/wp-content\/uploads\/2023\/12\/Facebook-Ikon-1024x1020.png 1024w, https:\/\/xn--sportsfisker-storstrm-9fc.dk\/wp-content\/uploads\/2023\/12\/Facebook-Ikon-150x150.png 150w, https:\/\/xn--sportsfisker-storstrm-9fc.dk\/wp-content\/uploads\/2023\/12\/Facebook-Ikon-768x765.png 768w, https:\/\/xn--sportsfisker-storstrm-9fc.dk\/wp-content\/uploads\/2023\/12\/Facebook-Ikon-301x300.png 301w, https:\/\/xn--sportsfisker-storstrm-9fc.dk\/wp-content\/uploads\/2023\/12\/Facebook-Ikon.png 1390w\" sizes=\"auto, (max-width: 35px) 100vw, 35px\" \/><\/a>\u00a0 \u00a0 \u00a0 \u00a0 \u00a0 \u00a0 \u00a0 \u00a0 \u00a0 \u00a0 \u00a0 \u00a0 \u00a0 \u00a0 \u00a0 \u00a0 \u00a0 \u00a0 \u00a0 \u00a0 \u00a0 \u00a0 \u00a0 \u00a0 \u00a0 \u00a0 \u00a0 \u00a0 \u00a0 \u00a0 \u00a0 \u00a0<a href=\"https:\/\/www.facebook.com\/groups\/1178083499057779\"><img loading=\"lazy\" decoding=\"async\" class=\"alignnone wp-image-247\" src=\"https:\/\/xn--sportsfisker-storstrm-9fc.dk\/wp-content\/uploads\/2023\/12\/Facebook-Ikon-300x300.png\" alt=\"Se ogs\u00e5 p\u00e5 Facebook\" width=\"35\" height=\"35\" srcset=\"https:\/\/xn--sportsfisker-storstrm-9fc.dk\/wp-content\/uploads\/2023\/12\/Facebook-Ikon-300x300.png 300w, https:\/\/xn--sportsfisker-storstrm-9fc.dk\/wp-content\/uploads\/2023\/12\/Facebook-Ikon-1024x1020.png 1024w, https:\/\/xn--sportsfisker-storstrm-9fc.dk\/wp-content\/uploads\/2023\/12\/Facebook-Ikon-150x150.png 150w, https:\/\/xn--sportsfisker-storstrm-9fc.dk\/wp-content\/uploads\/2023\/12\/Facebook-Ikon-768x765.png 768w, https:\/\/xn--sportsfisker-storstrm-9fc.dk\/wp-content\/uploads\/2023\/12\/Facebook-Ikon-301x300.png 301w, https:\/\/xn--sportsfisker-storstrm-9fc.dk\/wp-content\/uploads\/2023\/12\/Facebook-Ikon.png 1390w\" sizes=\"auto, (max-width: 35px) 100vw, 35px\" \/>\u00a0 \u00a0 \u00a0 \u00a0 \u00a0 \u00a0<\/a><strong><a href=\"https:\/\/www.facebook.com\/storstrommen\">Sportsfiskerforening <\/a>\u00a0<a href=\"https:\/\/www.facebook.com\/groups\/1178083499057779\">Foreningens Facebook Sider.<\/a>\u00a0<\/strong>\r\n\r\n<\/div>\r\n<!-- \/wp:post-content -->","protected":false},"excerpt":{"rendered":"<p>Velkommen til foreningen for lystfiskere i Vordingborg og omegn Klubaftener Vi m\u00f8des hver anden tirsdag i ulige uger, kl. 1900 i klubhuset, hvis der ikke er planlagt andet arrangement. &nbsp; Klub dagm\u00f8der Vi m\u00f8des hver anden Torsdag i lige\u00a0 uger &hellip; <a href=\"https:\/\/xn--sportsfisker-storstrm-9fc.dk\/\">L\u00e6s resten <span class=\"meta-nav\">&rarr;<\/span><\/a><\/p>\n","protected":false},"author":1,"featured_media":0,"parent":0,"menu_order":0,"comment_status":"closed","ping_status":"closed","template":"","meta":{"footnotes":""},"class_list":["post-2","page","type-page","status-publish","hentry"],"_links":{"self":[{"href":"https:\/\/xn--sportsfisker-storstrm-9fc.dk\/index.php?rest_route=\/wp\/v2\/pages\/2","targetHints":{"allow":["GET"]}}],"collection":[{"href":"https:\/\/xn--sportsfisker-storstrm-9fc.dk\/index.php?rest_route=\/wp\/v2\/pages"}],"about":[{"href":"https:\/\/xn--sportsfisker-storstrm-9fc.dk\/index.php?rest_route=\/wp\/v2\/types\/page"}],"author":[{"embeddable":true,"href":"https:\/\/xn--sportsfisker-storstrm-9fc.dk\/index.php?rest_route=\/wp\/v2\/users\/1"}],"replies":[{"embeddable":true,"href":"https:\/\/xn--sportsfisker-storstrm-9fc.dk\/index.php?rest_route=%2Fwp%2Fv2%2Fcomments&post=2"}],"version-history":[{"count":58,"href":"https:\/\/xn--sportsfisker-storstrm-9fc.dk\/index.php?rest_route=\/wp\/v2\/pages\/2\/revisions"}],"predecessor-version":[{"id":1027,"href":"https:\/\/xn--sportsfisker-storstrm-9fc.dk\/index.php?rest_route=\/wp\/v2\/pages\/2\/revisions\/1027"}],"wp:attachment":[{"href":"https:\/\/xn--sportsfisker-storstrm-9fc.dk\/index.php?rest_route=%2Fwp%2Fv2%2Fmedia&parent=2"}],"curies":[{"name":"wp","href":"https:\/\/api.w.org\/{rel}","templated":true}]}}