{"id":533,"date":"2025-02-11T21:54:58","date_gmt":"2025-02-11T21:54:58","guid":{"rendered":"https:\/\/xn--sportsfisker-storstrm-9fc.dk\/?page_id=533"},"modified":"2026-04-21T13:49:09","modified_gmt":"2026-04-21T13:49:09","slug":"historik","status":"publish","type":"page","link":"https:\/\/xn--sportsfisker-storstrm-9fc.dk\/?page_id=533","title":{"rendered":"Historik 2025."},"content":{"rendered":"<p><strong style=\"font-size: 16px;\"><span style=\"font-family: Verdana, serif;\">6 Maj.\u00a0 \u00a0 \u00a0 \u00a0 \u00a0 \u00a0 \u00a0 \u00a0 \u00a0 \u00a0 \u00a0 \u00a0 \u00a0 \u00a0 \u00a0 \u00a0 \u00a0 \u00a0 \u00a0 \u00a0 \u00a0 \u00a0 \u00a0 \u00a0 \u00a0 \u00a0 \u00a0 \u00a0 \u00a0 \u00a0 \u00a0 \u00a0 \u00a0 \u00a0 \u00a0 \u00a0 \u00a0 \u00a0 \u00a0 \u00a0 \u00a0 \u00a0 \u00a0 \u00a0 \u00a0 \u00a0 \u00a0 <\/span><\/strong><strong style=\"font-size: 16px;\">Klubaften intet pogram s\u00e5 det bliver ren hygge.<\/strong><\/p>\n<div>\n<div dir=\"auto\">\n<p><strong style=\"font-size: 16px;\"><span style=\"font-family: Verdana, serif;\">11 Maj<\/span><\/strong><\/p>\n<\/div>\n<div dir=\"auto\">\n<div dir=\"auto\"><span style=\"font-size: 16px;\"><strong><span style=\"font-family: Verdana, serif;\">Hornfisketur.<\/span><\/strong><\/span><\/div>\n<div dir=\"auto\"><strong style=\"font-size: 16px;\"><strong style=\"font-size: 16px;\"><span style=\"font-family: Verdana, serif;\">Vi m\u00f8des ved kubhuset kl.10,00 kikker p\u00e5 vejret for, at finde ud af hvor vi skal fiske.<\/span><\/strong><\/strong><\/div>\n<div dir=\"auto\"><strong style=\"font-size: 16px;\"><strong style=\"font-size: 16px;\"><span style=\"font-family: Verdana, serif;\"><br \/>\n<\/span><\/strong><\/strong><\/p>\n<div dir=\"auto\" data-olk-copy-source=\"MessageBody\"><span style=\"font-size: 16px;\"><strong>Den 20 Maj.<br \/>\n<\/strong><strong>Fluekast begynder. d. d20\/5-25. kl.19.00.<\/strong><\/span><\/div>\n<div dir=\"auto\"><span style=\"font-size: 16px;\"><strong>Med Peter Tibert Stoltze.<\/strong><\/span><\/div>\n<div dir=\"auto\"><span style=\"font-size: 16px;\"><strong>Forventninger <\/strong><\/span><span style=\"font-size: 16px;\"><strong>Gennemgang af Flue setup, stang, hjul, line og forfang. Gennemgang af kaste teknik og kast p\u00e5 gr\u00e6s.<\/strong><\/span><\/div>\n<div dir=\"auto\"><span style=\"font-size: 16px;\"><strong>Tilmelding til Nicolai Rath. tlf. 23285589.<\/strong><\/span><\/div>\n<div dir=\"auto\"><span style=\"font-size: 16px;\"><strong>Senest d.6\/5-25. I forhold til l\u00e5n af fluestang.<\/strong><\/span><\/div>\n<div dir=\"auto\"><\/div>\n<div dir=\"auto\">\n<div dir=\"auto\"><span style=\"font-size: 32px;\"><strong>Lystfiskerietsdag.<\/strong><\/span><\/div>\n<div dir=\"auto\"><span style=\"font-size: 16px;\"><strong>Den 24 Maj. Lystfiskeriets dag.<\/strong><\/span><\/div>\n<div dir=\"auto\"><strong><span style=\"font-size: 16px;\">Der fiskes i Voldgraven i ved ruinterr\u00e6net i Vordingborg fra kl 10.00 til kl. 14.00. Sportsfiskerforeningen Storstr\u00f8mmen stiller med alt det fiskegrej der skal bruges til dagens fiskeri, derudover vil der v\u00e6re medlemmer til stede som vil v\u00e6re behj\u00e6lpelige, med gode r\u00e5d og vejledning. Michael Tange fra Fishing Zeeland vil ogs\u00e5 v\u00e6re til stede og hj\u00e6lpe til. <\/span><\/strong><span style=\"font-size: 16px;\"><strong>B\u00f8rn under 15 \u00e5r skal\u00a0<\/strong><\/span><\/div>\n<div dir=\"auto\"><span style=\"font-size: 16px;\"><strong>if\u00f8lge en voksen.<\/strong><\/span><\/div>\n<div dir=\"auto\"><\/div>\n<div dir=\"auto\"><span style=\"font-size: 16px;\"><strong>\u00a0<img loading=\"lazy\" decoding=\"async\" class=\"alignnone size-thumbnail wp-image-822\" src=\"https:\/\/xn--sportsfisker-storstrm-9fc.dk\/wp-content\/uploads\/2025\/05\/IMG_2507-150x150.jpg\" alt=\"\" width=\"150\" height=\"150\" \/><img loading=\"lazy\" decoding=\"async\" class=\"alignnone wp-image-824\" src=\"https:\/\/xn--sportsfisker-storstrm-9fc.dk\/wp-content\/uploads\/2025\/05\/IMG_2520-150x150.jpg\" alt=\"\" width=\"152\" height=\"152\" \/><img loading=\"lazy\" decoding=\"async\" class=\"alignnone size-thumbnail wp-image-821\" src=\"https:\/\/xn--sportsfisker-storstrm-9fc.dk\/wp-content\/uploads\/2025\/05\/IMG_2500-150x150.jpg\" alt=\"\" width=\"150\" height=\"150\" \/><\/strong><\/span><\/div>\n<\/div>\n<\/div>\n<div dir=\"auto\">\n<div dir=\"auto\"><\/div>\n<\/div>\n<\/div>\n<\/div>\n<div dir=\"auto\"><span style=\"font-size: 16px;\"><strong> <img loading=\"lazy\" decoding=\"async\" class=\"alignnone size-thumbnail wp-image-823\" src=\"https:\/\/xn--sportsfisker-storstrm-9fc.dk\/wp-content\/uploads\/2025\/05\/IMG_2517-150x150.jpg\" alt=\"\" width=\"150\" height=\"150\" \/><img loading=\"lazy\" decoding=\"async\" class=\"alignnone size-thumbnail wp-image-825\" src=\"https:\/\/xn--sportsfisker-storstrm-9fc.dk\/wp-content\/uploads\/2025\/05\/20250524_100340-150x150.jpg\" alt=\"\" width=\"150\" height=\"150\" \/><\/strong><\/span><\/div>\n<div dir=\"auto\"><span style=\"font-size: 16px;\"><strong>Den 3. Juni.\u00a0 \u00a0 Klubaften uden noget fast pogram udover kaffe og kage.<\/strong><\/span><\/div>\n<div dir=\"auto\"><\/div>\n<div dir=\"auto\"><span style=\"font-size: 16px;\"><strong>Den 17 Juni afslutning.\u00a0 \u00a0 \u00a0 \u00a0 \u00a0 \u00a0 \u00a0 \u00a0 \u00a0 \u00a0 \u00a0 \u00a0 \u00a0 \u00a0 \u00a0 \u00a0 \u00a0 \u00a0 \u00a0 \u00a0 \u00a0 \u00a0 \u00a0 \u00a0 \u00a0 \u00a0 \u00a0 \u00a0 \u00a0 \u00a0 \u00a0 \u00a0 \u00a0 \u00a0 \u00a0 \u00a0 \u00a0 \u00a0 \u00a0 \u00a0 \u00a0 \u00a0 \u00a0 \u00a0 \u00a0Vi griller klubben er v\u00e6rt med grilp\u00f8lser og br\u00f8d, \u00f8l eller sodavand, og kaffe. Alle er velkomne ogs\u00e5 familien. Vi g\u00e5r efter denne aften p\u00e5 sommerferie for Tirsdagsm\u00f8dernes vedkommende, Onsdagsklubben k\u00f8rer hele sommeren som s\u00e6dvaneligt.<\/strong><\/span><\/div>\n<div dir=\"auto\"><\/div>\n<div dir=\"auto\">\n<div dir=\"auto\"><strong style=\"font-size: 16px;\"><span style=\"font-family: Verdana, serif;\">26. juli.\u00a0 \u00a0 \u00a0 \u00a0 \u00a0 \u00a0 \u00a0 \u00a0 \u00a0 \u00a0 \u00a0 \u00a0 \u00a0 \u00a0 \u00a0 \u00a0 \u00a0 \u00a0 \u00a0 \u00a0 \u00a0 \u00a0 \u00a0 \u00a0 \u00a0 \u00a0 \u00a0 \u00a0 \u00a0 \u00a0 \u00a0 \u00a0 \u00a0 \u00a0 \u00a0 \u00a0 \u00a0 \u00a0 \u00a0 \u00a0 \u00a0 \u00a0 \u00a0 \u00a0 <\/span><\/strong><strong style=\"font-size: 16px;\"><span style=\"font-family: Verdana, serif;\">Fladfiskeri fra Lang\u00f8. Vi pr\u00f8ver, om der stadig er fisk i den sydlige del af Langelandsb\u00e6ltet. Vi sejler med Skjold med Karsten som skipper. OBS. Vi kan bestille b\u00f8rsteorm hos skipper, men vi skal under alle omst\u00e6ndigheder betale for dem, selv om turen m\u00e5tte blive aflyst pga. d\u00e5rligt vejr. Tilmelding til Jens T. p\u00e5 mail\u00a0 <strong><a href=\"mailto:jenstudvad@gmail.com\">jenstudvad@gmail.com<\/a>.<\/strong><\/span><\/strong><\/div>\n<\/div>\n<div dir=\"auto\"><\/div>\n<div dir=\"auto\">\n<div dir=\"auto\"><span style=\"font-size: 16px;\"><strong>August : GULE REV\u00a0 \u00a0 \u00a0 \u00a0 \u00a0 \u00a0 \u00a0 \u00a0 \u00a0 \u00a0 \u00a0 \u00a0 \u00a0 \u00a0 \u00a0 \u00a0 \u00a0 \u00a0 \u00a0 \u00a0 \u00a0 \u00a0 \u00a0 \u00a0 \u00a0 \u00a0 \u00a0 \u00a0 \u00a0 \u00a0 \u00a0 \u00a0 \u00a0 \u00a0 \u00a0 \u00a0 \u00a0 \u00a0 \u00a0 \u00a0 \u00a0 \u00a0 \u00a0 \u00a0 \u00a0 \u00a0 (11- 13) august. Sejler begge dage med Bonito. Og vi fors\u00f8ger, at overtale Peter Schultz til, at tage os med p\u00e5 en makreltur enten tirsdag morgen eller torsdag morgen. Pris vil ca. v\u00e6re 2200 kr. for turene med Bonito, og ca.1000 kr. til overnatning, et par hundrede til peter, og endelig koster filetering 12-15 kr. pr. kg renset filet. S\u00e5 regn med ca. 3500 kr. ialt plus kostpenge. Betaling senest 1. juni. Vi har 4 pladser. Der er p\u00e5 nuv\u00e6rende tidspunkt kun 1 plads tilbage, hvis der kommer flere end 1 er det ikke sikkert, at vi alle kan komme med samme b\u00e5d. Tilmelding til Jens Tudvad p\u00e5 mail\u00a0<\/strong><\/span><\/div>\n<div dir=\"auto\"><span style=\"font-size: 16px;\"><strong> <strong style=\"font-size: 16px;\"><a style=\"font-family: Verdana, serif;\" href=\"mailto:jenstudvad@gmail.com\">jenstudvad@gmail.com\u00a0 \u00a0 \u00a0 \u00a0 \u00a0 \u00a0 \u00a0 \u00a0 \u00a0 \u00a0 \u00a0 \u00a0 \u00a0 \u00a0 \u00a0 \u00a0 \u00a0 \u00a0 \u00a0 \u00a0 \u00a0 \u00a0 \u00a0 \u00a0 \u00a0 \u00a0 \u00a0 \u00a0 \u00a0 \u00a0 \u00a0 \u00a0<\/a>\u00a0<\/strong><\/strong><\/span><\/div>\n<div dir=\"auto\"><strong><span style=\"font-size: 24px;\">Hej alle.<\/span><\/strong><\/div>\n<div dir=\"auto\"><strong>S\u00e5 er sommerferien ved, at v\u00e6re overst\u00e5et og vi starter op igen med f\u00f8rste klubaften den 9. september kl.19.00 i klublokalet p\u00e5 Masned\u00f8. Klubben vil v\u00e6re v\u00e6rt med kaffe og kage. Denne aften vil vi gerne h\u00f8re om jeres \u00f8nsker til hvad der skal ske i l\u00f8bet af \u00e5ret, det g\u00e6lder klubaftner og ture. Vores nye b\u00e5d vil ogs\u00e5 kunne beses denne aften. H\u00e5ber, at i vil m\u00f8de op med jeres \u00f8nsker denne aften.\u00a0 \u00a0<\/strong><\/div>\n<div dir=\"auto\"><\/div>\n<div dir=\"auto\"><strong><span style=\"font-size: 16px;\">16<\/span><strong style=\"font-size: 16px; font-family: Verdana, serif;\"> september. <\/strong><strong style=\"font-size: 16px;\"><span style=\"font-family: Verdana, serif;\">Makreltur med Jaws fra Vedb\u00e6k kl. 7-14.\u00a0 Der er 6 pladser. Vi pr\u00f8ver igen det gode og sjove makrelfiskeri p\u00e5 \u00d8resund. Regn med 350-400 kr. for turen, da skipper ogs\u00e5 skal have betaling for sild til forfodring. Tilmelding til Jens T. p\u00e5 mail <\/span><\/strong><\/strong><strong><strong style=\"font-size: 16px;\"><a style=\"font-family: Verdana, serif;\" href=\"mailto:jenstudvad@gmail.com\">jenstudvad@gmail.com<\/a><span style=\"font-family: Verdana, serif;\">.<\/span><\/strong>\u00a0<\/strong><\/div>\n<div dir=\"auto\"><\/div>\n<div dir=\"auto\"><strong>Onsdag de 17. September er der som s\u00e6dvaneligt nogen i klubhuset fra kl 11.00 dagens pogram bliver til den dag. lyst og vejret bestemmer, Husk fiskegrej.<\/strong><\/div>\n<div dir=\"auto\"><\/div>\n<\/div>\n<div dir=\"auto\">\n<div dir=\"auto\"><span style=\"font-size: 16px;\"><strong><span style=\"font-family: Verdana, serif;\">21 september<br \/>\nFlade fra Onsevig. Vi sejler igen fra Onsevig med Erik som skipper. Prisen er i \u00e5r 400 kr + udgifter til b\u00f8rsteorm, som kan k\u00f8bes efter behov p\u00e5 skibet. 6 pladser. Tilmelding til Jens T. p\u00e5 mail \u00a0<a href=\"mailto:jenstudvad@gmail.com\">jenstudvad@gmail.com<\/a><\/span><\/strong><\/span><\/div>\n<div dir=\"auto\"><\/div>\n<div dir=\"auto\"><span style=\"font-size: 16px;\"><strong>23<\/strong><strong> September.\u00a0 Aborre aften.\u00a0 \u00a0 \u00a0 \u00a0 \u00a0 \u00a0 \u00a0 \u00a0 \u00a0 \u00a0 \u00a0 \u00a0 \u00a0 \u00a0 \u00a0 \u00a0 \u00a0 \u00a0 \u00a0 \u00a0 \u00a0 \u00a0 \u00a0 \u00a0 \u00a0 \u00a0 \u00a0 \u00a0 \u00a0 \u00a0 \u00a0 \u00a0 \u00a0 \u00a0 \u00a0 \u00a0 \u00a0 \u00a0 \u00a0 \u00a0 \u00a0 Vi snakker om Aborren, ser lidt grej, viser lidt film som optakt til vores Aborreture i de kommende m\u00e5neder.<\/strong><\/span><\/div>\n<\/div>\n<div dir=\"auto\"><\/div>\n<div dir=\"auto\"><strong><span style=\"font-size: 16px;\">Den <\/span><\/strong><strong><span style=\"font-size: 16px;\">1 Oktober tager vi til Tub\u00e6k \u00c5 for, at pr\u00f8ve Aborrefiskeriet. Vi m\u00f8des som s\u00e6dvaneligt i klubhuset kl. 11.00<\/span><\/strong><\/div>\n<div dir=\"auto\"><\/div>\n<div dir=\"auto\"><strong><span style=\"font-size: 16px;\">Tirsdag den 7 Oktober f\u00e5r vi bes\u00f8g af Per Rasmussen som vil fort\u00e6lle om sin fisketur i England i sommer.<\/span><\/strong><\/div>\n<div dir=\"auto\">\n<div dir=\"auto\"><span style=\"font-size: 16px;\"><strong>Klubaften med fiskeri.<\/strong><\/span><\/div>\n<div dir=\"auto\"><\/div>\n<div dir=\"auto\"><span style=\"font-size: 16px;\"><strong><b>Tirsdag den 21 Oktober fisker vi i N\u00f8rrevedby grusgrav. Der er flere fiskearter Gedde, Aborre, Karper og skaller s\u00e5 hav lidt af det hele med, vi planl\u00e6gger, at m\u00f8der ved 17 tiden men hvis man vil have lidt mere fisketid inden det bliver m\u00f8rkt kan man bare starte tidligere, der er en grill p\u00e5 omr\u00e5det, s\u00e5 vi griller n\u00e5r vi ikke kan se og fiske mere, medbragt grilmad. Er vejret d\u00e5rligt m\u00f8des vi i klubhuset til en sludder og en kop kaffe istedet. kl,19.00 som vi plejer. Turleder er Lasse.\u00a0<\/b><\/strong><\/span><\/div>\n<\/div>\n<div dir=\"auto\">\n<div dir=\"auto\">\n<div dir=\"auto\"><strong style=\"font-size: 16px;\"><span style=\"font-family: Verdana, serif;\">26 oktober<\/span><\/strong><\/div>\n<div dir=\"auto\"><\/div>\n<\/div>\n<div dir=\"auto\"><span style=\"font-size: 16px;\"><strong><span style=\"font-family: Verdana, serif;\">Flade fra Onsevig. 6 pladser. Vi sejler igen fra Onsevig med Erik som skipper. Prisen er i \u00e5r 400 kr + udgifter til b\u00f8rsteorm, som kan k\u00f8bes efter behov p\u00e5 skibet. Tilmelding til Jens T. p\u00e5 mail <a href=\"mailto:jenstudvad@gmail.com\">jenstudvad@gmail.com<\/a><\/span><\/strong><\/span><\/div>\n<\/div>\n<div dir=\"auto\"><\/div>\n<div dir=\"auto\"><strong style=\"font-size: 16px;\">Den 29 Oktober\u00a0 \u00a0 \u00a0 \u00a0 \u00a0 \u00a0 \u00a0 \u00a0 \u00a0 \u00a0 \u00a0 \u00a0 \u00a0 \u00a0 \u00a0 \u00a0 \u00a0 \u00a0 \u00a0 \u00a0 \u00a0 \u00a0 \u00a0 \u00a0 \u00a0 \u00a0 \u00a0 \u00a0 \u00a0 \u00a0 \u00a0 \u00a0 \u00a0 \u00a0 \u00a0 \u00a0 \u00a0 \u00a0 \u00a0 \u00a0 \u00a0 \u00a0 \u00a0 \u00a0 \u00a0 \u00a0 \u00a0 \u00a0 \u00a0 \u00a0Aborrefiskeri.\u00a0 \u00a0 \u00a0 \u00a0 \u00a0 \u00a0 \u00a0 \u00a0 \u00a0 \u00a0 \u00a0 \u00a0 \u00a0 \u00a0 \u00a0 \u00a0 \u00a0 \u00a0 \u00a0 \u00a0 \u00a0 \u00a0 \u00a0 \u00a0 \u00a0 \u00a0 \u00a0 \u00a0 \u00a0 \u00a0 \u00a0 \u00a0 \u00a0 \u00a0 \u00a0 \u00a0 \u00a0 \u00a0 \u00a0 \u00a0 \u00a0 \u00a0 \u00a0 \u00a0 \u00a0 \u00a0 \u00a0 \u00a0 \u00a0 \u00a0 \u00a0 \u00a0 Vi m\u00f8des i klubhuset kl 11.00 og tager til Pr\u00e6st\u00f8 hvor vi vil fiske i Tub\u00e6k \u00c5.<\/strong><\/div>\n<div dir=\"auto\"><\/div>\n<div dir=\"auto\">\n<div dir=\"auto\">\n<div dir=\"auto\"><strong style=\"font-size: 16px;\"><span style=\"font-family: Verdana, serif;\">4 november\u00a0 \u00a0 \u00a0 \u00a0 \u00a0 \u00a0 \u00a0 \u00a0 \u00a0 \u00a0 \u00a0 \u00a0 \u00a0 \u00a0 \u00a0 \u00a0 \u00a0 \u00a0 \u00a0 \u00a0 \u00a0 \u00a0 \u00a0 \u00a0 \u00a0 \u00a0 \u00a0 \u00a0 \u00a0 \u00a0 \u00a0 \u00a0 \u00a0 \u00a0 \u00a0<\/span><\/strong><\/div>\n<\/div>\n<div dir=\"auto\">\n<div dir=\"auto\"><span style=\"font-size: 16px;\"><strong><span style=\"font-family: Verdana, serif;\">Sildetur med Jaws. 8-15. Vi har 6 pladser p\u00e5 Jaws fra Vedb\u00e6k, s\u00e5 vi kan f\u00e5 spandene fyldt med julesild. Tilmelding til Jens T. p\u00e5 mail\u00a0 <a href=\"mailto:jenstudvad@gmail.com\">jenstudvad@gmail.com.<\/a><\/span><\/strong><\/span><\/div>\n<div dir=\"auto\"><\/div>\n<\/div>\n<div dir=\"auto\">\n<div dir=\"auto\">\n<div dir=\"auto\"><strong><span style=\"font-size: 16px;\">Tirsdag den 4. November<\/span> <span style=\"font-size: 20px;\">Fluebindingsaften<\/span><span style=\"font-size: 16px;\">,<\/span><span style=\"font-size: 16px;\"><span style=\"font-size: 20px;\"> Nicolai Martins<\/span> kommer den aften, en garvet fluefisker og fluebinder, snyd ikke dig selv for denne aften.<\/span><\/strong><\/div>\n<\/div>\n<div dir=\"auto\">\n<p data-olk-copy-source=\"MessageBody\"><strong><span style=\"font-size: 16px;\">Onsdag den 12. November m\u00f8des vi i klubhuset kl.11.00 med fiskegrej og ser hvad dagen bringer.<\/span><\/strong><\/p>\n<p data-olk-copy-source=\"MessageBody\"><strong><span style=\"font-size: 16px;\">\u00a0Den 18 November\u00a0 Bes\u00f8g fra Dansk Sportsfiskerforbund.\u00a0 \u00a0 \u00a0 \u00a0 \u00a0 \u00a0 \u00a0 \u00a0 \u00a0 \u00a0 \u00a0 \u00a0 \u00a0 \u00a0 \u00a0 \u00a0 \u00a0Vi f\u00e5r bes\u00f8g af Frederik fra Dansk Sportsforbund som vil fort\u00e6lle lidt om hvad der sker i forbundet og p\u00e5 sportsfisker fronten i \u00f8jeblikket. m\u00f8d op og f\u00e5 den sidste nyheder p\u00e5 sportsfiserfronten<\/span><\/strong><\/p>\n<p data-olk-copy-source=\"MessageBody\"><span style=\"font-size: 16px;\"><strong>Tirsdag den 2 December\u00a0 \u00a0 \u00a0 \u00a0 \u00a0 \u00a0 \u00a0 \u00a0 \u00a0 \u00a0 \u00a0 \u00a0 \u00a0 \u00a0 \u00a0 \u00a0 \u00a0 \u00a0 \u00a0 \u00a0 \u00a0 \u00a0 \u00a0 \u00a0 \u00a0 \u00a0 \u00a0 \u00a0 \u00a0 \u00a0 \u00a0 \u00a0 \u00a0 \u00a0 \u00a0 \u00a0 \u00a0 \u00a0 \u00a0 \u00a0 \u00a0 \u00a0 \u00a0 \u00a0 \u00a0 VI laver en aften hvor man kan tage eventuelt overeventuelt overskydende fiske grej med til en bytte\/salg aften, ligeledes vil vi gerne udveksle erfaringer med vedligehold af vores fiskehjul \/ Grej.<\/strong><\/span><\/p>\n<p data-olk-copy-source=\"MessageBody\"><span style=\"font-size: 20px;\"><strong>Tirsdag den 16 December <span style=\"font-size: 16px;\">ingen klubaften.<\/span><\/strong><\/span><\/p>\n<p data-olk-copy-source=\"MessageBody\"><span style=\"font-size: 20px;\"><strong>Fredag den 19 December\u00a0 Julefrokost.<\/strong><\/span><\/p>\n<p data-olk-copy-source=\"MessageBody\"><strong><span style=\"font-size: 20px;\">F\u00f8rste m\u00f8de i \u00e5r er Tirsdag den 13 januar.\u00a0 \u00a0 \u00a0AFLYSNING, Sten Lange m\u00e5 desv\u00e6rre aflyse i aften p\u00e5 grund af sygdom, der vil v\u00e6re klubaften som s\u00e6dvaneligt med kaffe og et stykke kage.<\/span><span style=\"font-size: 20px;\">\u00a0<\/span><span style=\"font-size: 20px;\"><span style=\"font-size: 12px;\"><span style=\"font-size: 16px;\">Denne aften kommer Sten Lange og fort\u00e6ller om en fantastisk fisketur til Island hvor der blandt andet fanges \u00f8rreder med fl\u00e5d og orm<\/span>.\u00a0 \u00a0 \u00a0 \u00a0 \u00a0 \u00a0 \u00a0 \u00a0 \u00a0 \u00a0 \u00a0 \u00a0 \u00a0 \u00a0 \u00a0 \u00a0 \u00a0 \u00a0 \u00a0 \u00a0 \u00a0 \u00a0 \u00a0 \u00a0 \u00a0 \u00a0 \u00a0 \u00a0 \u00a0 \u00a0 \u00a0 \u00a0 \u00a0 \u00a0 \u00a0 \u00a0 \u00a0 \u00a0 \u00a0 \u00a0 \u00a0 \u00a0 \u00a0 \u00a0 \u00a0 \u00a0 \u00a0 \u00a0 \u00a0 \u00a0 \u00a0 \u00a0 \u00a0 \u00a0 \u00a0 \u00a0 \u00a0 \u00a0 \u00a0 \u00a0 \u00a0 \u00a0 \u00a0 \u00a0 \u00a0 \u00a0 \u00a0 \u00a0 \u00a0 \u00a0 \u00a0 \u00a0 \u00a0<\/span><\/span><\/strong><span style=\"font-size: 20px;\"><strong>Onsdag<\/strong> <strong>den 21 januar. <span style=\"font-size: 16px;\">vi m\u00f8des som s\u00e6dvaneligt i klubhuset kl 11.00. Der skal rodes lidt med computer og fjernsyn s\u00e5 vi kan f\u00e5 tingene til, at arbejde sammen, tag evt. fiskegrej med hvis nogen skulle f\u00e5 lyst, til at udfordre kulden.<\/span><\/strong><\/span><\/p>\n<p><span style=\"font-size: 20px;\"><strong>Tirsdag<\/strong> <span style=\"font-size: 16px;\"><strong><span style=\"font-size: 20px;\">den 27 januar.\u00a0<\/span> \u00a0 \u00a0 \u00a0 \u00a0 \u00a0 \u00a0 \u00a0 \u00a0 \u00a0 \u00a0 \u00a0 \u00a0 \u00a0 \u00a0 \u00a0 \u00a0 \u00a0 \u00a0 \u00a0 \u00a0 \u00a0 \u00a0 \u00a0 \u00a0 \u00a0 \u00a0 \u00a0 \u00a0 \u00a0 Sten Lange kommer og fort\u00e6ller om en af sine fisketure i Island. Sten har dyrket fiskeriet i Island og vil med billeder org dele nogle af sine oplevelser mes os, kom og l\u00e6r lidt om fiskeriet i Island.<\/strong><\/span><\/span><\/p>\n<p><span style=\"font-size: 20px;\"><strong>Onsdag den 4 Februar.\u00a0 Vi m\u00f8des i klubben kl.11.00 og vind og vejr bestemmer hvad vi skal foretage os.<\/strong><\/span><\/p>\n<p><span style=\"font-size: 20px;\"><strong>Tirsdag den 10 februar.\u00a0 \u00a0 \u00a0 \u00a0 \u00a0 \u00a0 \u00a0 \u00a0 \u00a0 \u00a0 \u00a0 \u00a0 \u00a0 \u00a0 \u00a0 \u00a0 \u00a0 \u00a0 \u00a0 \u00a0 \u00a0 \u00a0 \u00a0 \u00a0 \u00a0 \u00a0 \u00a0 \u00a0 \u00a0 <span style=\"font-size: 28px;\">Foredrag\u00a0 \u00a0<\/span><\/strong><\/span><span style=\"font-size: 20px;\"><strong>Jens Tudvad kommer og fort\u00e6ller og viser billeder fra en fisketur til Canada efter laks.\u00a0 \u00a0 \u00a0 \u00a0 \u00a0 \u00a0 \u00a0 \u00a0 \u00a0 \u00a0 \u00a0 \u00a0 \u00a0 \u00a0 \u00a0 \u00a0 <span style=\"font-size: 24px;\">PS. Der er ryddet sne s\u00e5 i kan komme op til klubhuset.<\/span><\/strong><\/span><\/p>\n<p><span style=\"font-size: 20px;\"><strong>Torsdag den 18 februar.\u00a0 <\/strong>Vi m\u00f8des i klubhuset kl . og ser hvad dagen giver af muligheder.<\/span><\/p>\n<p><span style=\"font-size: 20px;\"><strong><span style=\"font-size: 24px;\">Tirsdag den 24 februar.\u00a0 <\/span><span style=\"font-size: 36px;\">Generalforsamling<\/span><\/strong><\/span><\/p>\n<p><span style=\"font-size: 20px;\"><span style=\"font-size: 28px;\">Krebsebrikker.<br \/>\n<\/span><strong>Tirsdag den 10. Marts<br \/>\n<\/strong><\/span><span style=\"font-size: 20px;\"><strong>Per Rasmussen kommer og viser os hvordan vi laver krebsebrikker, de skal bruges til et krebsefiskeri senere i B\u00e5rses\u00f8erne.<\/strong><\/span><\/p>\n<p><span style=\"font-size: 20px;\"><strong>Kysttur.<br \/>\nTurleder er Sten Lange Jensen<\/strong><\/span><\/p>\n<p><span style=\"font-size: 20px;\"><strong>Torsdag den 19 Marts. VI m\u00f8der i klubben kl 11.00 og vind og vejr bestemmer dagens videre forl\u00f8b.<\/strong><\/span><\/p>\n<p><span style=\"font-size: 20px;\"><strong>Tirsdag den 24 Klubaften KL 19.00<br \/>\nDa det er valgaften har vi ikke lavet noget pogram for denne aften, s\u00e5 der er kaffe og kage samt lystfiskehistorier der bydes p\u00e5.<\/strong><\/span><\/p>\n<p><span style=\"font-size: 20px;\"><strong>Tirsdag den 7 April. klubaften.<br \/>\nSten Lange Jensen kommer og viser billeder og fort\u00e6ller om sit hav\u00f8rred fiskeri p\u00e5 Bornholm.<\/strong><\/span><\/p>\n<p><strong>Torsdag den 16 April\u00a0 m\u00f8des vi i klubhuset kl 11.00 Vejeret viser hvad dagen bringer.<\/strong><\/p>\n<p><strong>S\u00f8ndag den 19 April<br \/>\nklubhuset er udl\u00e5nt til MIchael Tange fra fishing Zealand som holder kursus om S\u00f8ens fisk i b\u00f8rneh\u00f8jde. n\u00e6rmere oplysninger kan i finde gennem Danmarks Sportsfiskerforbund.<br \/>\n<img loading=\"lazy\" decoding=\"async\" class=\"alignnone size-thumbnail wp-image-1116\" src=\"https:\/\/xn--sportsfisker-storstrm-9fc.dk\/wp-content\/uploads\/2026\/04\/20260419_103657-150x150.jpg\" alt=\"\" width=\"150\" height=\"150\" \/> <img loading=\"lazy\" decoding=\"async\" class=\"alignnone size-thumbnail wp-image-1114\" src=\"https:\/\/xn--sportsfisker-storstrm-9fc.dk\/wp-content\/uploads\/2026\/04\/20260419_095936-150x150.jpg\" alt=\"\" width=\"150\" height=\"150\" \/><\/strong><\/p>\n<p>&nbsp;<\/p>\n<\/div>\n<\/div>\n<\/div>\n<div dir=\"auto\">\n<div dir=\"auto\"><\/div>\n<\/div>\n","protected":false},"excerpt":{"rendered":"<p>6 Maj.\u00a0 \u00a0 \u00a0 \u00a0 \u00a0 \u00a0 \u00a0 \u00a0 \u00a0 \u00a0 \u00a0 \u00a0 \u00a0 \u00a0 \u00a0 \u00a0 \u00a0 \u00a0 \u00a0 \u00a0 \u00a0 \u00a0 \u00a0 \u00a0 \u00a0 \u00a0 \u00a0 \u00a0 \u00a0 \u00a0 \u00a0 \u00a0 \u00a0 \u00a0 \u00a0 \u00a0 \u00a0 \u00a0 \u00a0 &hellip; <a href=\"https:\/\/xn--sportsfisker-storstrm-9fc.dk\/?page_id=533\">L\u00e6s resten <span class=\"meta-nav\">&rarr;<\/span><\/a><\/p>\n","protected":false},"author":1,"featured_media":0,"parent":0,"menu_order":0,"comment_status":"closed","ping_status":"closed","template":"","meta":{"footnotes":""},"class_list":["post-533","page","type-page","status-publish","hentry"],"_links":{"self":[{"href":"https:\/\/xn--sportsfisker-storstrm-9fc.dk\/index.php?rest_route=\/wp\/v2\/pages\/533","targetHints":{"allow":["GET"]}}],"collection":[{"href":"https:\/\/xn--sportsfisker-storstrm-9fc.dk\/index.php?rest_route=\/wp\/v2\/pages"}],"about":[{"href":"https:\/\/xn--sportsfisker-storstrm-9fc.dk\/index.php?rest_route=\/wp\/v2\/types\/page"}],"author":[{"embeddable":true,"href":"https:\/\/xn--sportsfisker-storstrm-9fc.dk\/index.php?rest_route=\/wp\/v2\/users\/1"}],"replies":[{"embeddable":true,"href":"https:\/\/xn--sportsfisker-storstrm-9fc.dk\/index.php?rest_route=%2Fwp%2Fv2%2Fcomments&post=533"}],"version-history":[{"count":106,"href":"https:\/\/xn--sportsfisker-storstrm-9fc.dk\/index.php?rest_route=\/wp\/v2\/pages\/533\/revisions"}],"predecessor-version":[{"id":1124,"href":"https:\/\/xn--sportsfisker-storstrm-9fc.dk\/index.php?rest_route=\/wp\/v2\/pages\/533\/revisions\/1124"}],"wp:attachment":[{"href":"https:\/\/xn--sportsfisker-storstrm-9fc.dk\/index.php?rest_route=%2Fwp%2Fv2%2Fmedia&parent=533"}],"curies":[{"name":"wp","href":"https:\/\/api.w.org\/{rel}","templated":true}]}}