{"id":735,"date":"2025-03-12T15:15:16","date_gmt":"2025-03-12T15:15:16","guid":{"rendered":"https:\/\/xn--sportsfisker-storstrm-9fc.dk\/?page_id=735"},"modified":"2025-03-12T15:30:54","modified_gmt":"2025-03-12T15:30:54","slug":"medlemmernes-fisketurs-referater","status":"publish","type":"page","link":"https:\/\/xn--sportsfisker-storstrm-9fc.dk\/?page_id=735","title":{"rendered":"Medlemmernes fisketurs referater"},"content":{"rendered":"<p><span style=\"font-size: 24px;\">Mosetur den 8. marts<br \/>\n<\/span><span style=\"font-size: 16px;\"><strong>Vi var 6 fiskere, der m\u00f8dte op denne l\u00f8rdag for at fikse gedder i Byskov Mose ved Gr\u00e6nge. Det var \u00e5rets hidtil varmeste dag, s\u00e5 man kunne h\u00e5be p\u00e5, at vandet var blevet lidt lunere, og der var da ogs\u00e5 gedder, der legede. Men de var desv\u00e6rre ikke s\u00e5 sultne. Vi fik fanget 7 gedder i alt. S\u00f8ren M. fra Nyk\u00f8bing tog sig af de 4, med den st\u00f8rste p\u00e5 3\u00bd kg. Simon fraStorstr\u00f8mmen fangede sin f\u00f8rste gedde i 10 \u00e5r, og det var han yderst tilfreds med.For\u00e5ret havde ikke bidt sig fast. Ingen viber, r\u00f8rdrum eller l\u00e6rker. Til geng\u00e6ld oplevede vi, hvordan hav\u00f8rnene jagede gr\u00e5g\u00e6ssene op de to gange, de passerede.\u00a0 \u00a0<\/strong><\/span><strong style=\"font-size: 16px;\">S\u00e5ledes oplevet af JensT.<\/strong><\/p>\n<div id=\"attachment_518\" style=\"width: 160px\" class=\"wp-caption alignnone\"><img loading=\"lazy\" decoding=\"async\" aria-describedby=\"caption-attachment-518\" class=\"size-thumbnail wp-image-518\" src=\"https:\/\/xn--sportsfisker-storstrm-9fc.dk\/wp-content\/uploads\/2025\/02\/20220501_095229-scaled-e1738434841279-150x150.jpg\" alt=\"\" width=\"150\" height=\"150\" \/><p id=\"caption-attachment-518\" class=\"wp-caption-text\">Jens med en gedde fra Maribo S\u00f8.<\/p><\/div>\n<p><strong style=\"font-size: 16px;\"><\/p>\n<p><\/strong><\/p>\n","protected":false},"excerpt":{"rendered":"<p>Mosetur den 8. marts Vi var 6 fiskere, der m\u00f8dte op denne l\u00f8rdag for at fikse gedder i Byskov Mose ved Gr\u00e6nge. Det var \u00e5rets hidtil varmeste dag, s\u00e5 man kunne h\u00e5be p\u00e5, at vandet var blevet lidt lunere, og &hellip; <a href=\"https:\/\/xn--sportsfisker-storstrm-9fc.dk\/?page_id=735\">L\u00e6s resten <span class=\"meta-nav\">&rarr;<\/span><\/a><\/p>\n","protected":false},"author":1,"featured_media":0,"parent":0,"menu_order":0,"comment_status":"closed","ping_status":"closed","template":"","meta":{"footnotes":""},"class_list":["post-735","page","type-page","status-publish","hentry"],"_links":{"self":[{"href":"https:\/\/xn--sportsfisker-storstrm-9fc.dk\/index.php?rest_route=\/wp\/v2\/pages\/735","targetHints":{"allow":["GET"]}}],"collection":[{"href":"https:\/\/xn--sportsfisker-storstrm-9fc.dk\/index.php?rest_route=\/wp\/v2\/pages"}],"about":[{"href":"https:\/\/xn--sportsfisker-storstrm-9fc.dk\/index.php?rest_route=\/wp\/v2\/types\/page"}],"author":[{"embeddable":true,"href":"https:\/\/xn--sportsfisker-storstrm-9fc.dk\/index.php?rest_route=\/wp\/v2\/users\/1"}],"replies":[{"embeddable":true,"href":"https:\/\/xn--sportsfisker-storstrm-9fc.dk\/index.php?rest_route=%2Fwp%2Fv2%2Fcomments&post=735"}],"version-history":[{"count":11,"href":"https:\/\/xn--sportsfisker-storstrm-9fc.dk\/index.php?rest_route=\/wp\/v2\/pages\/735\/revisions"}],"predecessor-version":[{"id":738,"href":"https:\/\/xn--sportsfisker-storstrm-9fc.dk\/index.php?rest_route=\/wp\/v2\/pages\/735\/revisions\/738"}],"wp:attachment":[{"href":"https:\/\/xn--sportsfisker-storstrm-9fc.dk\/index.php?rest_route=%2Fwp%2Fv2%2Fmedia&parent=735"}],"curies":[{"name":"wp","href":"https:\/\/api.w.org\/{rel}","templated":true}]}}