{"id":835,"date":"2025-08-20T06:03:53","date_gmt":"2025-08-20T06:03:53","guid":{"rendered":"https:\/\/xn--sportsfisker-storstrm-9fc.dk\/?page_id=835"},"modified":"2025-08-20T06:16:25","modified_gmt":"2025-08-20T06:16:25","slug":"foreningsbaad","status":"publish","type":"page","link":"https:\/\/xn--sportsfisker-storstrm-9fc.dk\/?page_id=835","title":{"rendered":"Foreningsb\u00e5d."},"content":{"rendered":"<p><strong><span style=\"font-size: 16px;\">Klubben har k\u00f8bt en jolle,<\/span><span style=\"font-size: 16px;\"> den st\u00e5r p\u00e5 trailer,<\/span><span style=\"font-size: 16px;\"> med en 6hk p\u00e5h\u00e6ngsmotor.<\/span><\/strong><\/p>\n<p>B\u00e5den kan l\u00e5nes af foreningens medlemmer, pris 100kr som g\u00e5r til vedligeholdelse af\u00a0 b\u00e5d og motor.<\/p>\n<p>Der medf\u00f8lger ved afhentning fuld tank+en 5l. dunk med benzin, \u00e5re og \u00e5regafler,p\u00f8se, anker samt en d\u00f8dmandsknap med snor. N\u00e5r b\u00e5den afleveres igen skal der v\u00e6re benzin p\u00e5 tank og dunk.<\/p>\n<p>Medlemsnummer skal oplyses samt man skal have et gyldigt k\u00f8rekort.<\/p>\n<p>Kontaktmand et tommy j\u00f8rgensen Orevej 128 4760 Vordingborg. Telf. 61740823 og mail. tj235573@gmail.com<\/p>\n","protected":false},"excerpt":{"rendered":"<p>Klubben har k\u00f8bt en jolle, den st\u00e5r p\u00e5 trailer, med en 6hk p\u00e5h\u00e6ngsmotor. B\u00e5den kan l\u00e5nes af foreningens medlemmer, pris 100kr som g\u00e5r til vedligeholdelse af\u00a0 b\u00e5d og motor. Der medf\u00f8lger ved afhentning fuld tank+en 5l. dunk med benzin, \u00e5re &hellip; <a href=\"https:\/\/xn--sportsfisker-storstrm-9fc.dk\/?page_id=835\">L\u00e6s resten <span class=\"meta-nav\">&rarr;<\/span><\/a><\/p>\n","protected":false},"author":1,"featured_media":0,"parent":0,"menu_order":0,"comment_status":"closed","ping_status":"closed","template":"","meta":{"footnotes":""},"class_list":["post-835","page","type-page","status-publish","hentry"],"_links":{"self":[{"href":"https:\/\/xn--sportsfisker-storstrm-9fc.dk\/index.php?rest_route=\/wp\/v2\/pages\/835","targetHints":{"allow":["GET"]}}],"collection":[{"href":"https:\/\/xn--sportsfisker-storstrm-9fc.dk\/index.php?rest_route=\/wp\/v2\/pages"}],"about":[{"href":"https:\/\/xn--sportsfisker-storstrm-9fc.dk\/index.php?rest_route=\/wp\/v2\/types\/page"}],"author":[{"embeddable":true,"href":"https:\/\/xn--sportsfisker-storstrm-9fc.dk\/index.php?rest_route=\/wp\/v2\/users\/1"}],"replies":[{"embeddable":true,"href":"https:\/\/xn--sportsfisker-storstrm-9fc.dk\/index.php?rest_route=%2Fwp%2Fv2%2Fcomments&post=835"}],"version-history":[{"count":3,"href":"https:\/\/xn--sportsfisker-storstrm-9fc.dk\/index.php?rest_route=\/wp\/v2\/pages\/835\/revisions"}],"predecessor-version":[{"id":839,"href":"https:\/\/xn--sportsfisker-storstrm-9fc.dk\/index.php?rest_route=\/wp\/v2\/pages\/835\/revisions\/839"}],"wp:attachment":[{"href":"https:\/\/xn--sportsfisker-storstrm-9fc.dk\/index.php?rest_route=%2Fwp%2Fv2%2Fmedia&parent=835"}],"curies":[{"name":"wp","href":"https:\/\/api.w.org\/{rel}","templated":true}]}}