{"id":943,"date":"2025-10-30T13:27:34","date_gmt":"2025-10-30T13:27:34","guid":{"rendered":"https:\/\/xn--sportsfisker-storstrm-9fc.dk\/?page_id=943"},"modified":"2026-04-21T13:42:29","modified_gmt":"2026-04-21T13:42:29","slug":"kalender-1926","status":"publish","type":"page","link":"https:\/\/xn--sportsfisker-storstrm-9fc.dk\/?page_id=943","title":{"rendered":"Kalender 2026."},"content":{"rendered":"<p><span style=\"font-size: 20px;\"><strong>Tirsdag den 21 April<br \/>\nPer Rasmussen kommer og viser billeder og fort\u00e6ller om sin fisketur til Kalkstr\u00f8mmene Test og Dun i Hampshire Sydengland, efter \u00d8rred og Stalling i sommeren 2025.\u00a0<\/strong><\/span><\/p>\n<p><span style=\"font-size: 20px;\"><strong>Torsdag den 30 m\u00f8des vi i klubhuset kl 11.00.\u00a0 Vind og vejr bestemmer.<\/strong><\/span><\/p>\n<p><span style=\"font-size: 20px;\"><strong>Tirsdag den 5 maj.\u00a0 \u00a0Hornfisk<br \/>\nvi pr\u00f8ver om Hornfiskene er kommet vi m\u00f8des ved klubhuset kl 17.30<\/strong><\/span><\/p>\n<p><span style=\"font-size: 20px;\">L<strong>\u00f8rdag den 9 maj\u00a0 kl. 10.00 til 16.00. Det er\u00a0 Havnens dag.<br \/>\nVi planl\u00e6gger, at deltage med en stand fra Sportsfiskerforeningen Storstr\u00f8mmen med lidt fiskeri og lidt grejfremvisning, vi m\u00f8des i klubhuset kl 9.00. har du lyst til, at deltage s\u00e5 henvend dig til vores formand for n\u00e6rmere oplysninger.<\/strong><\/span><\/p>\n<p><span style=\"font-size: 20px;\"><strong>Tirsdag den 19 maj.\u00a0 Hornfisk.<br \/>\nvi fisker Hornfisk fra stranden ved klubhuset. Man kan starte n\u00e5r man har lyst og der vil v\u00e6re \u00e5bent i klubhuset fra kl 17.30.<\/strong><\/span><\/p>\n<p><span style=\"font-size: 20px;\"><strong>L\u00f8rdag den 30 maj.\u00a0 \u00a0Lystfiskeriets dag.<br \/>\nVi hj\u00e6lper Michaet Tange med, at holde styr p\u00e5 fiskest\u00e6ngerne ved fiskeriet i voldgraven ved ruinerne, der kan fiskes fra kl 10 til 14.<\/strong><\/span><\/p>\n<p><span style=\"font-size: 20px;\"><strong>Tirsdag den 2 Juni kysttur fra klubhuset kl. 19.00.<\/strong><\/span><\/p>\n<p><span style=\"font-size: 20px;\"><strong>Torsdag den 11 Juni Vi m\u00f8des i klubhuset kl 11.00 vind og vejr bestemmer.<\/strong><\/span><\/p>\n<p><span style=\"font-size: 20px;\"><strong>Tirsdag den 16 Juni\u00a0 Krebsetur til B\u00e5rses\u00f8erne vi m\u00f8des ved klubhuset kl 19.00 og pr\u00f8ver vores krebsegrej, der er fisk i s\u00f8erne s\u00e5 tag fiskegrej med. DET ER SIDSTE KLUBAFTEN INDEN SOMMERFERIEN.<\/strong><\/span><\/p>\n<p><span style=\"font-size: 20px;\"><strong>L\u00f8rdag den 20 Familiedag ved Grillen.<br \/>\nvi m\u00f8des kl 12.00 medbring lidt til grillen, hvis vores Krebsetur har givet pote vil vi tilberede dem denne dag man kan eventuelf fiske lidt efter en hornfisk eller to til grillen.<\/strong><\/span><\/p>\n<p><span style=\"font-size: 20px;\"><strong><span style=\"font-size: 28px;\">VI M\u00d8DES EFTER FERIEN TIRSDAG DEN 8 september kl. 19.00<\/span><br \/>\n<span style=\"font-size: 28px;\">torsdagsklubben k\u00f8rer hele sommeren.<\/span><\/strong><\/span><\/p>\n<p>&nbsp;<\/p>\n<p>&nbsp;<\/p>\n<p>&nbsp;<\/p>\n<p><span style=\"font-size: 20px;\"><strong>\u00a0 \u00a0 \u00a0 \u00a0 \u00a0 \u00a0 \u00a0 \u00a0 \u00a0 \u00a0 \u00a0 \u00a0 \u00a0 \u00a0 \u00a0 \u00a0 \u00a0 \u00a0 \u00a0 \u00a0 \u00a0 \u00a0\u00a0<\/strong><\/span><\/p>\n","protected":false},"excerpt":{"rendered":"<p>Tirsdag den 21 April Per Rasmussen kommer og viser billeder og fort\u00e6ller om sin fisketur til Kalkstr\u00f8mmene Test og Dun i Hampshire Sydengland, efter \u00d8rred og Stalling i sommeren 2025.\u00a0 Torsdag den 30 m\u00f8des vi i klubhuset kl 11.00.\u00a0 Vind &hellip; <a href=\"https:\/\/xn--sportsfisker-storstrm-9fc.dk\/?page_id=943\">L\u00e6s resten <span class=\"meta-nav\">&rarr;<\/span><\/a><\/p>\n","protected":false},"author":1,"featured_media":0,"parent":0,"menu_order":0,"comment_status":"closed","ping_status":"closed","template":"","meta":{"footnotes":""},"class_list":["post-943","page","type-page","status-publish","hentry"],"_links":{"self":[{"href":"https:\/\/xn--sportsfisker-storstrm-9fc.dk\/index.php?rest_route=\/wp\/v2\/pages\/943","targetHints":{"allow":["GET"]}}],"collection":[{"href":"https:\/\/xn--sportsfisker-storstrm-9fc.dk\/index.php?rest_route=\/wp\/v2\/pages"}],"about":[{"href":"https:\/\/xn--sportsfisker-storstrm-9fc.dk\/index.php?rest_route=\/wp\/v2\/types\/page"}],"author":[{"embeddable":true,"href":"https:\/\/xn--sportsfisker-storstrm-9fc.dk\/index.php?rest_route=\/wp\/v2\/users\/1"}],"replies":[{"embeddable":true,"href":"https:\/\/xn--sportsfisker-storstrm-9fc.dk\/index.php?rest_route=%2Fwp%2Fv2%2Fcomments&post=943"}],"version-history":[{"count":73,"href":"https:\/\/xn--sportsfisker-storstrm-9fc.dk\/index.php?rest_route=\/wp\/v2\/pages\/943\/revisions"}],"predecessor-version":[{"id":1118,"href":"https:\/\/xn--sportsfisker-storstrm-9fc.dk\/index.php?rest_route=\/wp\/v2\/pages\/943\/revisions\/1118"}],"wp:attachment":[{"href":"https:\/\/xn--sportsfisker-storstrm-9fc.dk\/index.php?rest_route=%2Fwp%2Fv2%2Fmedia&parent=943"}],"curies":[{"name":"wp","href":"https:\/\/api.w.org\/{rel}","templated":true}]}}