{"id":98,"date":"2023-12-09T20:21:03","date_gmt":"2023-12-09T20:21:03","guid":{"rendered":"https:\/\/xn--sportsfisker-storstrm-9fc.dk\/?page_id=98"},"modified":"2026-04-12T09:13:22","modified_gmt":"2026-04-12T09:13:22","slug":"98-2","status":"publish","type":"page","link":"https:\/\/xn--sportsfisker-storstrm-9fc.dk\/?page_id=98","title":{"rendered":"Bestyrelsen"},"content":{"rendered":"<p>&nbsp;<\/p>\n<p><strong><img loading=\"lazy\" decoding=\"async\" class=\"alignnone wp-image-505\" src=\"https:\/\/xn--sportsfisker-storstrm-9fc.dk\/wp-content\/uploads\/2025\/01\/soeren-150x150.jpg\" alt=\"\" width=\"163\" height=\"163\" srcset=\"https:\/\/xn--sportsfisker-storstrm-9fc.dk\/wp-content\/uploads\/2025\/01\/soeren-150x150.jpg 150w, https:\/\/xn--sportsfisker-storstrm-9fc.dk\/wp-content\/uploads\/2025\/01\/soeren-300x300.jpg 300w, https:\/\/xn--sportsfisker-storstrm-9fc.dk\/wp-content\/uploads\/2025\/01\/soeren-1024x1022.jpg 1024w, https:\/\/xn--sportsfisker-storstrm-9fc.dk\/wp-content\/uploads\/2025\/01\/soeren-768x766.jpg 768w, https:\/\/xn--sportsfisker-storstrm-9fc.dk\/wp-content\/uploads\/2025\/01\/soeren-1536x1533.jpg 1536w, https:\/\/xn--sportsfisker-storstrm-9fc.dk\/wp-content\/uploads\/2025\/01\/soeren-2048x2044.jpg 2048w, https:\/\/xn--sportsfisker-storstrm-9fc.dk\/wp-content\/uploads\/2025\/01\/soeren-301x300.jpg 301w\" sizes=\"auto, (max-width: 163px) 100vw, 163px\" \/><br \/>\n<\/strong><span style=\"font-size: 16px;\"><strong>Formand<br \/>\n<\/strong>S\u00f8ren Voigt Andersen<br \/>\n<\/span><span style=\"font-size: 16px;\">Telf. 22 12 34 40<br \/>\nE-mail.sva@nyraad.net<\/span><\/p>\n<p><img loading=\"lazy\" decoding=\"async\" class=\"alignnone size-thumbnail wp-image-1074\" src=\"https:\/\/xn--sportsfisker-storstrm-9fc.dk\/wp-content\/uploads\/2026\/03\/1614378f-3434-4013-9969-7349166ed8e5-150x150.jpg\" alt=\"\" width=\"150\" height=\"150\" \/><br \/>\n<span style=\"font-size: 16px;\"><span style=\"font-size: 16px;\"><strong>N\u00e6stformand<br \/>\n<\/strong><\/span>J\u00f8rgen Beider<br \/>\ntelf. 24491399<br \/>\nMail. jorgenbeider@hotmail.com\u00a0 \u00a0 \u00a0 \u00a0 \u00a0 \u00a0 \u00a0 \u00a0 \u00a0 \u00a0 \u00a0 \u00a0 \u00a0 \u00a0 \u00a0\u00a0<\/span><\/p>\n<p><strong><img loading=\"lazy\" decoding=\"async\" class=\"alignnone size-thumbnail wp-image-504\" src=\"https:\/\/xn--sportsfisker-storstrm-9fc.dk\/wp-content\/uploads\/2025\/01\/svend-150x150.jpg\" alt=\"\" width=\"150\" height=\"150\" \/><br \/>\nKasserer<br \/>\n<\/strong>Svend Erik Andersen<br \/>\nTelf. 51 21 96 71<br \/>\nE-mail. svend.erik.mona@mail.tele.dk<\/p>\n<p><img loading=\"lazy\" decoding=\"async\" class=\"alignnone size-thumbnail wp-image-1075\" src=\"https:\/\/xn--sportsfisker-storstrm-9fc.dk\/wp-content\/uploads\/2026\/03\/1000010880-150x150.jpg\" alt=\"\" width=\"150\" height=\"150\" \/><br \/>\n<span style=\"font-size: 16px;\"><strong>Bestyrelsesmedlem<br \/>\n<\/strong>Claus Koster<br \/>\nTelf. 51 792303<br \/>\nMail. koster@outlook.dk<\/span><\/p>\n<p><img loading=\"lazy\" decoding=\"async\" class=\"alignnone size-thumbnail wp-image-643\" src=\"https:\/\/xn--sportsfisker-storstrm-9fc.dk\/wp-content\/uploads\/2025\/02\/FB_IMG_1740565199261-1-150x150.jpg\" alt=\"\" width=\"150\" height=\"150\" \/><br \/>\n<strong><span style=\"font-size: 16px;\">Bestyrelsesmedlem<br \/>\n<\/span><\/strong><span style=\"font-size: 16px;\">Sten Lange Jensen<br \/>\nTelf. 40 68 28 58<br \/>\nEmail steenlangejensen@gmail.com<\/span><\/p>\n<p><strong><span style=\"font-size: 20px;\"><span style=\"font-size: 32px;\">Andre udvalg<\/span><br \/>\n<span style=\"font-size: 20px;\">Turudvalg.<\/span><br \/>\n<span style=\"font-size: 16px;\">Claus Koster<\/span><br \/>\n<span style=\"font-size: 16px;\">Sten lange Jensen.<\/span><br \/>\n<\/span><\/strong><\/p>\n<p><span style=\"font-size: 20px;\">TORSDAGSKLUBBEN<strong><br \/>\n<img loading=\"lazy\" decoding=\"async\" class=\"alignnone size-thumbnail wp-image-722\" src=\"https:\/\/xn--sportsfisker-storstrm-9fc.dk\/wp-content\/uploads\/2025\/03\/20250311_200846-1-scaled-e1741770911624-150x150.jpg\" alt=\"\" width=\"150\" height=\"150\" \/><br \/>\n<span style=\"font-size: 16px;\">Lasse Jensen<br \/>\n<\/span><span style=\"font-size: 16px;\">Telf. 51 17 14 15<br \/>\nEmail blkjjensen@gmail.com<\/span><\/strong><\/span><\/p>\n<p><strong><span style=\"font-size: 20px;\">Huset<br \/>\n<img loading=\"lazy\" decoding=\"async\" class=\"alignnone size-thumbnail wp-image-723\" src=\"https:\/\/xn--sportsfisker-storstrm-9fc.dk\/wp-content\/uploads\/2025\/03\/20250311_200846-150x150.jpg\" alt=\"\" width=\"150\" height=\"150\" \/><br \/>\n<\/span>S\u00f8ren Brandt<br \/>\nTelf. 27 49 49 19<br \/>\nEmail mrmasnedo@hotmail.com<\/strong><\/p>\n","protected":false},"excerpt":{"rendered":"<p>&nbsp; Formand S\u00f8ren Voigt Andersen Telf. 22 12 34 40 E-mail.sva@nyraad.net N\u00e6stformand J\u00f8rgen Beider telf. 24491399 Mail. jorgenbeider@hotmail.com\u00a0 \u00a0 \u00a0 \u00a0 \u00a0 \u00a0 \u00a0 \u00a0 \u00a0 \u00a0 \u00a0 \u00a0 \u00a0 \u00a0 \u00a0\u00a0 Kasserer Svend Erik Andersen Telf. 51 21 96 &hellip; <a href=\"https:\/\/xn--sportsfisker-storstrm-9fc.dk\/?page_id=98\">L\u00e6s resten <span class=\"meta-nav\">&rarr;<\/span><\/a><\/p>\n","protected":false},"author":1,"featured_media":0,"parent":0,"menu_order":0,"comment_status":"closed","ping_status":"closed","template":"","meta":{"footnotes":""},"class_list":["post-98","page","type-page","status-publish","hentry"],"_links":{"self":[{"href":"https:\/\/xn--sportsfisker-storstrm-9fc.dk\/index.php?rest_route=\/wp\/v2\/pages\/98","targetHints":{"allow":["GET"]}}],"collection":[{"href":"https:\/\/xn--sportsfisker-storstrm-9fc.dk\/index.php?rest_route=\/wp\/v2\/pages"}],"about":[{"href":"https:\/\/xn--sportsfisker-storstrm-9fc.dk\/index.php?rest_route=\/wp\/v2\/types\/page"}],"author":[{"embeddable":true,"href":"https:\/\/xn--sportsfisker-storstrm-9fc.dk\/index.php?rest_route=\/wp\/v2\/users\/1"}],"replies":[{"embeddable":true,"href":"https:\/\/xn--sportsfisker-storstrm-9fc.dk\/index.php?rest_route=%2Fwp%2Fv2%2Fcomments&post=98"}],"version-history":[{"count":126,"href":"https:\/\/xn--sportsfisker-storstrm-9fc.dk\/index.php?rest_route=\/wp\/v2\/pages\/98\/revisions"}],"predecessor-version":[{"id":1091,"href":"https:\/\/xn--sportsfisker-storstrm-9fc.dk\/index.php?rest_route=\/wp\/v2\/pages\/98\/revisions\/1091"}],"wp:attachment":[{"href":"https:\/\/xn--sportsfisker-storstrm-9fc.dk\/index.php?rest_route=%2Fwp%2Fv2%2Fmedia&parent=98"}],"curies":[{"name":"wp","href":"https:\/\/api.w.org\/{rel}","templated":true}]}}